{"id":25,"date":"2019-07-25T17:02:15","date_gmt":"2019-07-25T17:02:15","guid":{"rendered":"http:\/\/tdapp.org\/es\/?page_id=25"},"modified":"2019-07-26T07:49:23","modified_gmt":"2019-07-26T07:49:23","slug":"objetivos-terapeuticos","status":"publish","type":"page","link":"https:\/\/tdapp.org\/es\/objetivos-terapeuticos\/","title":{"rendered":"OBJETIVOS TERAP\u00c9UTICOS"},"content":{"rendered":"[et_pb_section bb_built=\u00bb1&#8243; fullwidth=\u00bbon\u00bb next_background_color=\u00bb#ffffff\u00bb _builder_version=\u00bb3.26.3&#8243; background_color=\u00bb#471473&#8243; bottom_divider_style=\u00bbcurve\u00bb bottom_divider_height=\u00bb30px\u00bb locked=\u00bboff\u00bb][et_pb_fullwidth_header title=\u00bbPer a Pacients\u00bb _builder_version=\u00bb3.26.3&#8243; title_font=\u00bbQuicksand|700|||||||\u00bb title_text_align=\u00bbcenter\u00bb title_text_color=\u00bb#ffffff\u00bb title_font_size=\u00bb36px\u00bb custom_padding=\u00bb20px||20px||false|false\u00bb \/][\/et_pb_section][et_pb_section bb_built=\u00bb1&#8243; specialty=\u00bbon\u00bb _builder_version=\u00bb3.26.3&#8243; width=\u00bb100%\u00bb max_width=\u00bb100%\u00bb inner_module_alignment=\u00bbcenter\u00bb custom_padding=\u00bb30px|||||\u00bb locked=\u00bboff\u00bb prev_background_color=\u00bb#471473&#8243; next_background_color=\u00bb#f78d13&#8243;][et_pb_column type=\u00bb1_4&#8243;][et_pb_sidebar area=\u00bbsidebar-1&#8243; show_border=\u00bboff\u00bb _builder_version=\u00bb3.26.3&#8243; header_text_color=\u00bb#582d80&#8243; header_font_size=\u00bb22px\u00bb body_font=\u00bb|600|||||||\u00bb body_text_color=\u00bb#471473&#8243; body_font_size=\u00bb16px\u00bb text_orientation=\u00bbleft\u00bb global_module=\u00bb493&#8243; saved_tabs=\u00bball\u00bb \/][\/et_pb_column][et_pb_column type=\u00bb3_4&#8243; specialty_columns=\u00bb3&#8243;][et_pb_row_inner _builder_version=\u00bb3.26.3&#8243;][et_pb_column_inner type=\u00bbundefined\u00bb saved_specialty_column_type=\u00bb3_4&#8243; _builder_version=\u00bb3.26.3&#8243; saved_specialty_column_type=\u00bb3_4&#8243;][et_pb_post_title meta=\u00bboff\u00bb featured_image=\u00bboff\u00bb _builder_version=\u00bb3.26.3&#8243; \/][et_pb_text _builder_version=\u00bb3.26.3&#8243; text_font=\u00bb|700|||||||\u00bb text_text_color=\u00bb#666666&#8243;]\n<p>Els objectius terap\u00e8utics s\u00f3n als aspectes relacionats amb el TDAH que vost\u00e8 vol millorar o prevenir amb el tractament. Hem incl\u00f2s diversos objectius terap\u00e8utics. Vost\u00e8 haur\u00e0 d\u2019indicar-nos la import\u00e0ncia que li dona a cada un d\u2019aquests objectius. TDApp li proporcionar\u00e0 informaci\u00f3 per ajudar-lo a determinar la seva import\u00e0ncia.<\/p>\n[\/et_pb_text][\/et_pb_column_inner][\/et_pb_row_inner][\/et_pb_column][\/et_pb_section][et_pb_section bb_built=\u00bb1&#8243; admin_label=\u00bbMODUL ACCES AL FORMULARI\u00bb _builder_version=\u00bb3.26.3&#8243; background_color=\u00bb#f78d13&#8243; custom_padding=\u00bb70px||36px|||\u00bb top_divider_style=\u00bbcurve\u00bb top_divider_color=\u00bb#ffffff\u00bb top_divider_height=\u00bb30px\u00bb bottom_divider_color=\u00bb#ffffff\u00bb bottom_divider_height=\u00bb30px\u00bb bottom_divider_flip=\u00bbvertical\u00bb saved_tabs=\u00bball\u00bb locked=\u00bboff\u00bb prev_background_color=\u00bb#ffffff\u00bb next_background_color=\u00bb#333333&#8243; global_module=\u00bb495&#8243;][et_pb_row admin_label=\u00bbdesktop \/  tablet\u00bb global_parent=\u00bb495&#8243; column_structure=\u00bb1_5,3_5,1_5&#8243; use_custom_gutter=\u00bbon\u00bb gutter_width=\u00bb1&#8243; custom_padding=\u00bb0px||0px||false|false\u00bb custom_margin=\u00bb0px||0px||false|false\u00bb disabled_on=\u00bbon|off|off\u00bb _builder_version=\u00bb3.26.3&#8243; width=\u00bb100%\u00bb link_option_url=\u00bbhttp:\/\/tdapp.org\/formulari-tdapp\/\u00bb custom_css_main_element=\u00bbdisplay: flex;||align-items: center;\u00bb][et_pb_column type=\u00bb1_5&#8243; global_parent=\u00bb495&#8243; _builder_version=\u00bb3.26.3&#8243;][et_pb_image global_parent=\u00bb495&#8243; src=\u00bbhttp:\/\/tdapp.org\/wp-content\/uploads\/2019\/07\/TDApp-icon-formulari-1.png\u00bb align=\u00bbcenter\u00bb _builder_version=\u00bb3.26.3&#8243; \/][\/et_pb_column][et_pb_column type=\u00bb3_5&#8243; global_parent=\u00bb495&#8243; _builder_version=\u00bb3.26.3&#8243;][et_pb_cta global_parent=\u00bb495&#8243; title=\u00bbAcc\u00e9s al Formulari TDApp per a Pacients\u00bb _builder_version=\u00bb3.26.3&#8243; header_font=\u00bb|700|||||||\u00bb header_font_size=\u00bb30px\u00bb body_font=\u00bb|600|||||||\u00bb body_text_color=\u00bb#000000&#8243; body_font_size=\u00bb18px\u00bb background_color=\u00bbrgba(0,0,0,0)\u00bb text_orientation=\u00bbleft\u00bb min_height=\u00bb138px\u00bb custom_padding=\u00bb15px||0px|0px||\u00bb]\n<p>Pendent definir text del m\u00f2dul. Praesent leo orci, bibendum a nulla gravida, viverra facilisis lorem. Nam consequat quam ut posuere egestas. Fusce venenatis lacinia fermentum.<\/p>\n[\/et_pb_cta][\/et_pb_column][et_pb_column type=\u00bb1_5&#8243; global_parent=\u00bb495&#8243; _builder_version=\u00bb3.26.3&#8243;][et_pb_image global_parent=\u00bb495&#8243; src=\u00bbhttp:\/\/tdapp.org\/wp-content\/uploads\/2019\/07\/Fletxa-dreta.png\u00bb url=\u00bbhttp:\/\/tdapp.org\/formulari-tdapp\/\u00bb align=\u00bbcenter\u00bb _builder_version=\u00bb3.26.3&#8243; custom_css_after__hover_enabled=\u00bbon\u00bb \/][\/et_pb_column][\/et_pb_row][et_pb_row admin_label=\u00bbphone\u00bb global_parent=\u00bb495&#8243; use_custom_gutter=\u00bbon\u00bb gutter_width=\u00bb1&#8243; custom_padding=\u00bb0px||0px||false|false\u00bb custom_margin=\u00bb0px||0px||false|false\u00bb disabled_on=\u00bboff|on|on\u00bb _builder_version=\u00bb3.26.3&#8243; width=\u00bb100%\u00bb link_option_url=\u00bbhttp:\/\/tdapp.org\/formulari-tdapp\/\u00bb][et_pb_column type=\u00bb4_4&#8243; global_parent=\u00bb495&#8243; _builder_version=\u00bb3.26.3&#8243;][et_pb_image global_parent=\u00bb495&#8243; src=\u00bbhttp:\/\/tdapp.org\/wp-content\/uploads\/2019\/07\/TDApp-icon-formulari-1.png\u00bb align=\u00bbcenter\u00bb _builder_version=\u00bb3.26.3&#8243; module_alignment=\u00bbcenter\u00bb max_width=\u00bb100px\u00bb \/][et_pb_cta global_parent=\u00bb495&#8243; title=\u00bbAcc\u00e9s al Formulari TDApp per a Pacients\u00bb button_url=\u00bbhttp:\/\/tdapp.org\/formulari-tdapp\/\u00bb button_text=\u00bbAccedir\u00bb _builder_version=\u00bb3.26.3&#8243; header_font=\u00bb|700|||||||\u00bb header_font_size=\u00bb30px\u00bb body_font=\u00bb|600|||||||\u00bb body_text_color=\u00bb#000000&#8243; body_font_size=\u00bb18px\u00bb background_color=\u00bbrgba(0,0,0,0)\u00bb custom_button=\u00bbon\u00bb button_text_color=\u00bb#333333&#8243; button_border_color=\u00bb#333333&#8243; button_icon_color=\u00bb#ffffff\u00bb custom_padding=\u00bb15px||0px||false|false\u00bb button_border_color__hover_enabled=\u00bbon\u00bb button_border_color__hover=\u00bb#ffffff\u00bb button_bg_color__hover_enabled=\u00bbon\u00bb button_bg_color__hover=\u00bb#ffffff\u00bb button_bg_enable_color__hover=\u00bbon\u00bb button_text_color__hover_enabled=\u00bbon\u00bb button_text_color__hover=\u00bb#f78d13&#8243;]\n<p>Pendent definir text del m\u00f2dul. Praesent leo orci, bibendum a nulla gravida, viverra facilisis lorem. Nam consequat quam ut posuere egestas. Fusce venenatis lacinia fermentum.<\/p>\n[\/et_pb_cta][\/et_pb_column][\/et_pb_row][\/et_pb_section][et_pb_section bb_built=\u00bb1&#8243; admin_label=\u00bbMODUL PATROCINADORS V2&#8243; _builder_version=\u00bb3.26.3&#8243; background_color=\u00bb#333333&#8243; custom_padding=\u00bb65px||11px|||\u00bb top_divider_height=\u00bb30px\u00bb bottom_divider_color=\u00bb#ffffff\u00bb bottom_divider_height=\u00bb30px\u00bb bottom_divider_flip=\u00bbvertical\u00bb global_module=\u00bb951&#8243; saved_tabs=\u00bball\u00bb locked=\u00bboff\u00bb prev_background_color=\u00bb#f78d13&#8243;][et_pb_row global_parent=\u00bb951&#8243; use_custom_gutter=\u00bbon\u00bb gutter_width=\u00bb1&#8243; custom_padding=\u00bb0px||0px||false|false\u00bb custom_margin=\u00bb0px||0px||false|false\u00bb _builder_version=\u00bb3.26.3&#8243; width=\u00bb100%\u00bb][et_pb_column type=\u00bb4_4&#8243; global_parent=\u00bb951&#8243; _builder_version=\u00bb3.26.3&#8243;][et_pb_text global_parent=\u00bb951&#8243; _builder_version=\u00bb3.26.3&#8243; text_font=\u00bbQuicksand|700|||||||\u00bb text_text_color=\u00bb#ffffff\u00bb text_font_size=\u00bb36px\u00bb custom_margin=\u00bb||-1px|||\u00bb custom_padding=\u00bb||1px|||\u00bb]\n<p style=\"text-align: center;\">Patrocinadors i col\u00b7laboradors<\/p>\n[\/et_pb_text][\/et_pb_column][\/et_pb_row][et_pb_row global_parent=\u00bb951&#8243; column_structure=\u00bb1_4,1_4,1_4,1_4&#8243; custom_padding=\u00bb||0px|||\u00bb _builder_version=\u00bb3.26.3&#8243; width=\u00bb90%\u00bb max_width=\u00bb90%\u00bb][et_pb_column type=\u00bb1_4&#8243; global_parent=\u00bb951&#8243; _builder_version=\u00bb3.26.3&#8243;][et_pb_image admin_label=\u00bbUni Girona\u00bb global_parent=\u00bb951&#8243; src=\u00bbhttp:\/\/tdapp.org\/wp-content\/uploads\/2019\/07\/Universitat-Girona.png\u00bb url=\u00bbhttps:\/\/www.udg.edu\u00bb url_new_window=\u00bbon\u00bb align=\u00bbcenter\u00bb _builder_version=\u00bb3.26.3&#8243; min_height=\u00bb120px\u00bb \/][\/et_pb_column][et_pb_column type=\u00bb1_4&#8243; global_parent=\u00bb951&#8243; _builder_version=\u00bb3.26.3&#8243;][et_pb_image admin_label=\u00bbUni Girona Campus Salut\u00bb global_parent=\u00bb951&#8243; src=\u00bbhttp:\/\/tdapp.org\/wp-content\/uploads\/2019\/07\/Universitat-Girona-Campus-Salut.png\u00bb url=\u00bbhttps:\/\/www.udg.edu\/ca\/campussalut\u00bb url_new_window=\u00bbon\u00bb align=\u00bbcenter\u00bb _builder_version=\u00bb3.26.3&#8243; min_height=\u00bb142px\u00bb \/][\/et_pb_column][et_pb_column type=\u00bb1_4&#8243; global_parent=\u00bb951&#8243; _builder_version=\u00bb3.26.3&#8243;][et_pb_image admin_label=\u00bbcol\u00b7legi Metges\u00bb global_parent=\u00bb951&#8243; src=\u00bbhttp:\/\/tdapp.org\/wp-content\/uploads\/2019\/07\/Colegi-Metges-Girona.png\u00bb url=\u00bbhttp:\/\/www.comg.cat\u00bb url_new_window=\u00bbon\u00bb align=\u00bbcenter\u00bb _builder_version=\u00bb3.26.3&#8243; custom_margin=\u00bb||-7px|||\u00bb custom_padding=\u00bb6px|||||\u00bb \/][\/et_pb_column][et_pb_column type=\u00bb1_4&#8243; global_parent=\u00bb951&#8243; _builder_version=\u00bb3.26.3&#8243;][et_pb_image admin_label=\u00bbFundaci\u00f3 Pacual\u00bb global_parent=\u00bb951&#8243; src=\u00bbhttp:\/\/tdapp.org\/wp-content\/uploads\/2019\/07\/Fundacio-Pascual.png\u00bb url=\u00bbhttp:\/\/www.comg.cat\/ca\/73-fundacio-pascual-i-prats\u00bb url_new_window=\u00bbon\u00bb align=\u00bbcenter\u00bb _builder_version=\u00bb3.26.3&#8243; width=\u00bb95.9%\u00bb \/][\/et_pb_column][\/et_pb_row][et_pb_row global_parent=\u00bb951&#8243; column_structure=\u00bb1_4,1_4,1_4,1_4&#8243; custom_padding=\u00bb0px|||||\u00bb _builder_version=\u00bb3.26.3&#8243; width=\u00bb90%\u00bb max_width=\u00bb90%\u00bb][et_pb_column type=\u00bb1_4&#8243; global_parent=\u00bb951&#8243; _builder_version=\u00bb3.26.3&#8243;][et_pb_image admin_label=\u00bbIAS\u00bb global_parent=\u00bb951&#8243; src=\u00bbhttp:\/\/tdapp.org\/wp-content\/uploads\/2019\/07\/iAS.png\u00bb url=\u00bbhttp:\/\/www.ias.cat\u00bb url_new_window=\u00bbon\u00bb align=\u00bbcenter\u00bb _builder_version=\u00bb3.26.3&#8243; width=\u00bb97.7%\u00bb \/][\/et_pb_column][et_pb_column type=\u00bb1_4&#8243; global_parent=\u00bb951&#8243; _builder_version=\u00bb3.26.3&#8243;][et_pb_image admin_label=\u00bbUOC\u00bb global_parent=\u00bb951&#8243; src=\u00bbhttp:\/\/tdapp.org\/wp-content\/uploads\/2019\/07\/UOC.png\u00bb url=\u00bbhttps:\/\/www.uoc.edu\/portal\/es\/index.html\u00bb url_new_window=\u00bbon\u00bb align=\u00bbcenter\u00bb _builder_version=\u00bb3.26.3&#8243; custom_margin__hover_enabled=\u00bbon\u00bb \/][\/et_pb_column][et_pb_column type=\u00bb1_4&#8243; global_parent=\u00bb951&#8243; _builder_version=\u00bb3.26.3&#8243;][et_pb_image admin_label=\u00bbParc Sanitari Sant Joan de Deu\u00bb global_parent=\u00bb951&#8243; src=\u00bbhttp:\/\/tdapp.org\/wp-content\/uploads\/2019\/07\/Parc-Sanitari-Sant-Joan-de-Deu.png\u00bb url=\u00bbhttp:\/\/www.pssjd.org\/ca-es\/Paginas\/default.aspx\u00bb url_new_window=\u00bbon\u00bb align=\u00bbcenter\u00bb _builder_version=\u00bb3.26.3&#8243; custom_margin__hover_enabled=\u00bbon\u00bb \/][\/et_pb_column][et_pb_column type=\u00bb1_4&#8243; global_parent=\u00bb951&#8243; _builder_version=\u00bb3.26.3&#8243;][et_pb_image admin_label=\u00bbCochrane\u00bb global_parent=\u00bb951&#8243; src=\u00bbhttp:\/\/tdapp.org\/wp-content\/uploads\/2019\/07\/Centro-Cochrane.png\u00bb url=\u00bbhttps:\/\/es.cochrane.org\/es\u00bb url_new_window=\u00bbon\u00bb align=\u00bbcenter\u00bb _builder_version=\u00bb3.26.3&#8243; \/][\/et_pb_column][\/et_pb_row][\/et_pb_section]\n","protected":false},"excerpt":{"rendered":"<p>[et_pb_section bb_built=\u00bb1&#8243; fullwidth=\u00bbon\u00bb next_background_color=\u00bb#ffffff\u00bb _builder_version=\u00bb3.26.3&#8243; background_color=\u00bb#471473&#8243; bottom_divider_style=\u00bbcurve\u00bb bottom_divider_height=\u00bb30px\u00bb locked=\u00bboff\u00bb][et_pb_fullwidth_header title=\u00bbPer a Pacients\u00bb _builder_version=\u00bb3.26.3&#8243; title_font=\u00bbQuicksand|700|||||||\u00bb title_text_align=\u00bbcenter\u00bb title_text_color=\u00bb#ffffff\u00bb title_font_size=\u00bb36px\u00bb custom_padding=\u00bb20px||20px||false|false\u00bb \/][\/et_pb_section][et_pb_section bb_built=\u00bb1&#8243; specialty=\u00bbon\u00bb _builder_version=\u00bb3.26.3&#8243; width=\u00bb100%\u00bb max_width=\u00bb100%\u00bb inner_module_alignment=\u00bbcenter\u00bb custom_padding=\u00bb30px|||||\u00bb locked=\u00bboff\u00bb prev_background_color=\u00bb#471473&#8243; next_background_color=\u00bb#f78d13&#8243;][et_pb_column type=\u00bb1_4&#8243;][et_pb_sidebar area=\u00bbsidebar-1&#8243; show_border=\u00bboff\u00bb _builder_version=\u00bb3.26.3&#8243; header_text_color=\u00bb#582d80&#8243; header_font_size=\u00bb22px\u00bb body_font=\u00bb|600|||||||\u00bb body_text_color=\u00bb#471473&#8243; body_font_size=\u00bb16px\u00bb text_orientation=\u00bbleft\u00bb global_module=\u00bb493&#8243; saved_tabs=\u00bball\u00bb \/][\/et_pb_column][et_pb_column type=\u00bb3_4&#8243; specialty_columns=\u00bb3&#8243;][et_pb_row_inner _builder_version=\u00bb3.26.3&#8243;][et_pb_column_inner type=\u00bbundefined\u00bb saved_specialty_column_type=\u00bb3_4&#8243; _builder_version=\u00bb3.26.3&#8243; saved_specialty_column_type=\u00bb3_4&#8243;][et_pb_post_title meta=\u00bboff\u00bb featured_image=\u00bboff\u00bb _builder_version=\u00bb3.26.3&#8243; \/][et_pb_text _builder_version=\u00bb3.26.3&#8243; text_font=\u00bb|700|||||||\u00bb [&hellip;]<\/p>\n","protected":false},"author":2,"featured_media":0,"parent":0,"menu_order":0,"comment_status":"closed","ping_status":"closed","template":"","meta":{"_et_pb_use_builder":"","_et_pb_old_content":"","_et_gb_content_width":"","footnotes":""},"_links":{"self":[{"href":"https:\/\/tdapp.org\/es\/wp-json\/wp\/v2\/pages\/25"}],"collection":[{"href":"https:\/\/tdapp.org\/es\/wp-json\/wp\/v2\/pages"}],"about":[{"href":"https:\/\/tdapp.org\/es\/wp-json\/wp\/v2\/types\/page"}],"author":[{"embeddable":true,"href":"https:\/\/tdapp.org\/es\/wp-json\/wp\/v2\/users\/2"}],"replies":[{"embeddable":true,"href":"https:\/\/tdapp.org\/es\/wp-json\/wp\/v2\/comments?post=25"}],"version-history":[{"count":2,"href":"https:\/\/tdapp.org\/es\/wp-json\/wp\/v2\/pages\/25\/revisions"}],"predecessor-version":[{"id":1679,"href":"https:\/\/tdapp.org\/es\/wp-json\/wp\/v2\/pages\/25\/revisions\/1679"}],"wp:attachment":[{"href":"https:\/\/tdapp.org\/es\/wp-json\/wp\/v2\/media?parent=25"}],"curies":[{"name":"wp","href":"https:\/\/api.w.org\/{rel}","templated":true}]}}