{"id":2065,"date":"2023-07-10T22:10:56","date_gmt":"2023-07-10T20:10:56","guid":{"rendered":"https:\/\/tdapp.org\/es\/recursos\/"},"modified":"2023-07-10T22:19:12","modified_gmt":"2023-07-10T20:19:12","slug":"recursos","status":"publish","type":"page","link":"https:\/\/tdapp.org\/es\/recursos\/","title":{"rendered":"Recursos"},"content":{"rendered":"[et_pb_section fb_built=\u00bb1&#8243; fullwidth=\u00bbon\u00bb next_background_color=\u00bb#ffffff\u00bb _builder_version=\u00bb4.16&#8243; background_color=\u00bb#471473&#8243; bottom_divider_style=\u00bbcurve\u00bb bottom_divider_height=\u00bb30px\u00bb locked=\u00bboff\u00bb global_colors_info=\u00bb{}\u00bb][et_pb_fullwidth_header title=\u00bbRecursos\u00bb disabled_on=\u00bbon|off|off\u00bb admin_label=\u00bbDesktop \/ Tablet\u00bb _builder_version=\u00bb4.21.0&#8243; title_font=\u00bbQuicksand|700|||||||\u00bb title_text_align=\u00bbcenter\u00bb title_text_color=\u00bb#ffffff\u00bb title_font_size=\u00bb36px\u00bb custom_padding=\u00bb15px||15px||false|false\u00bb custom_padding_tablet=\u00bb\u00bb custom_padding_phone=\u00bb||||false|false\u00bb custom_padding_last_edited=\u00bbon|phone\u00bb title_font_size_tablet=\u00bb\u00bb title_font_size_phone=\u00bb\u00bb title_font_size_last_edited=\u00bbon|phone\u00bb global_colors_info=\u00bb{}\u00bb][\/et_pb_fullwidth_header][et_pb_fullwidth_header title=\u00bbRecursos\u00bb disabled_on=\u00bboff|on|on\u00bb admin_label=\u00bbPhone\u00bb _builder_version=\u00bb4.21.0&#8243; title_font=\u00bbQuicksand|700|||||||\u00bb title_text_align=\u00bbcenter\u00bb title_text_color=\u00bb#ffffff\u00bb title_font_size=\u00bb26px\u00bb custom_margin=\u00bb0px||0px||false|false\u00bb custom_padding=\u00bb0px||0px||false|false\u00bb custom_padding_phone=\u00bb0px||0px||false|false\u00bb custom_padding_last_edited=\u00bboff|desktop\u00bb title_font_size_tablet=\u00bb\u00bb title_font_size_phone=\u00bb26px\u00bb title_font_size_last_edited=\u00bbon|phone\u00bb global_colors_info=\u00bb{}\u00bb][\/et_pb_fullwidth_header][\/et_pb_section][et_pb_section fb_built=\u00bb1&#8243; _builder_version=\u00bb4.21.0&#8243; _module_preset=\u00bbdefault\u00bb global_colors_info=\u00bb{}\u00bb][et_pb_row column_structure=\u00bb1_3,1_3,1_3&#8243; make_equal=\u00bbon\u00bb _builder_version=\u00bb4.21.0&#8243; _module_preset=\u00bbdefault\u00bb border_width_all=\u00bb0px\u00bb border_color_all=\u00bbRGBA(255,255,255,0)\u00bb global_colors_info=\u00bb{}\u00bb][et_pb_column type=\u00bb1_3&#8243; _builder_version=\u00bb4.21.0&#8243; _module_preset=\u00bbdefault\u00bb border_width_all=\u00bb1px\u00bb border_color_all=\u00bb#d8d8d8&#8243; global_colors_info=\u00bb{}\u00bb][et_pb_blurb title=\u00bbTexto completo del art\u00edculo de evaluaci\u00f3 \u00e9tica de TDApp\u00bb _builder_version=\u00bb4.21.0&#8243; _module_preset=\u00bbdefault\u00bb header_font_size=\u00bb21px\u00bb custom_margin=\u00bb||0px||false|false\u00bb custom_padding=\u00bb19px|19px|19px|19px|false|false\u00bb link_option_url=\u00bbhttps:\/\/link.springer.com\/chapter\/10.1007\/978-3-031-34344-5_47 \u00bb link_option_url_new_window=\u00bbon\u00bb custom_css_blurb_title=\u00bbmargin-bottom:0%;\u00bb global_colors_info=\u00bb{}\u00bb][\/et_pb_blurb][et_pb_gallery gallery_ids=\u00bb2071&#8243; fullwidth=\u00bbon\u00bb _builder_version=\u00bb4.21.0&#8243; _module_preset=\u00bbdefault\u00bb link_option_url=\u00bbhttps:\/\/link.springer.com\/chapter\/10.1007\/978-3-031-34344-5_47 \u00bb link_option_url_new_window=\u00bbon\u00bb global_colors_info=\u00bb{}\u00bb][\/et_pb_gallery][\/et_pb_column][et_pb_column type=\u00bb1_3&#8243; _builder_version=\u00bb4.21.0&#8243; _module_preset=\u00bbdefault\u00bb border_width_all=\u00bb1px\u00bb border_color_all=\u00bb#d8d8d8&#8243; global_colors_info=\u00bb{}\u00bb][et_pb_blurb title=\u00bbP\u00f3ster de evaluaci\u00f3 \u00e9tica de TDApp \u00bb _builder_version=\u00bb4.21.0&#8243; _module_preset=\u00bbdefault\u00bb header_font_size=\u00bb21px\u00bb custom_margin=\u00bb||0px||false|false\u00bb custom_padding=\u00bb19px|19px|19px|19px|false|false\u00bb link_option_url=\u00bbhttps:\/\/tdapp.org\/wp-content\/uploads\/2023\/07\/AIME-2023-Poster-final.pdf\u00bb link_option_url_new_window=\u00bbon\u00bb custom_css_blurb_title=\u00bbmargin-bottom:0%;\u00bb global_colors_info=\u00bb{}\u00bb][\/et_pb_blurb][et_pb_image src=\u00bbhttps:\/\/tdapp.org\/wp-content\/uploads\/2023\/07\/TDAPP-presentacio-21st-International-Conference-on-Artificial-Intelligence-in-Medicine-3.jpg\u00bb title_text=\u00bbTDAPP-presentacio-21st-International-Conference-on-Artificial-Intelligence-in-Medicine-3&#8243; url=\u00bbhttps:\/\/tdapp.org\/wp-content\/uploads\/2023\/07\/AIME-2023-Poster-final.pdf\u00bb url_new_window=\u00bbon\u00bb _builder_version=\u00bb4.21.0&#8243; _module_preset=\u00bbdefault\u00bb global_colors_info=\u00bb{}\u00bb][\/et_pb_image][\/et_pb_column][et_pb_column type=\u00bb1_3&#8243; _builder_version=\u00bb4.21.0&#8243; _module_preset=\u00bbdefault\u00bb border_width_all=\u00bb1px\u00bb border_color_all=\u00bb#d8d8d8&#8243; global_colors_info=\u00bb{}\u00bb][et_pb_blurb title=\u00bbTexto completo del art\u00edculo del estudio de validaci\u00f3n tecnol\u00f3gica de TDApp \u00bb _builder_version=\u00bb4.21.0&#8243; _module_preset=\u00bbdefault\u00bb header_font_size=\u00bb21px\u00bb custom_margin=\u00bb||0px||false|false\u00bb custom_padding=\u00bb19px|19px|19px|19px|false|false\u00bb link_option_url=\u00bbhttps:\/\/tdapp.org\/wp-content\/uploads\/2023\/07\/Estudi-validacio-tecnologica-TDApp.pdf\u00bb link_option_url_new_window=\u00bbon\u00bb hover_enabled=\u00bb0&#8243; custom_css_blurb_title=\u00bbmargin-bottom:0%;\u00bb global_colors_info=\u00bb{}\u00bb sticky_enabled=\u00bb0&#8243;][\/et_pb_blurb][et_pb_image src=\u00bbhttps:\/\/tdapp.org\/wp-content\/uploads\/2023\/07\/NCBI-TDApp.png\u00bb title_text=\u00bbNCBI-TDApp\u00bb url=\u00bbhttps:\/\/tdapp.org\/wp-content\/uploads\/2023\/07\/Estudi-validacio-tecnologica-TDApp.pdf\u00bb url_new_window=\u00bbon\u00bb _builder_version=\u00bb4.21.0&#8243; _module_preset=\u00bbdefault\u00bb global_colors_info=\u00bb{}\u00bb][\/et_pb_image][\/et_pb_column][\/et_pb_row][et_pb_row column_structure=\u00bb1_3,1_3,1_3&#8243; make_equal=\u00bbon\u00bb _builder_version=\u00bb4.21.0&#8243; _module_preset=\u00bbdefault\u00bb border_width_all=\u00bb0px\u00bb border_color_all=\u00bbRGBA(255,255,255,0)\u00bb global_colors_info=\u00bb{}\u00bb][et_pb_column type=\u00bb1_3&#8243; _builder_version=\u00bb4.21.0&#8243; _module_preset=\u00bbdefault\u00bb border_width_all=\u00bb1px\u00bb border_color_all=\u00bb#d8d8d8&#8243; global_colors_info=\u00bb{}\u00bb][et_pb_blurb title=\u00bbBase de datos del estudio de simulaci\u00f3n utilitzada para la validaci\u00f3n de TDApp\u00bb url=\u00bbhttps:\/\/caleta.udg.edu\/git\/eXiT_Research_Group\/TDAH_data\u00bb _builder_version=\u00bb4.21.0&#8243; _module_preset=\u00bbdefault\u00bb header_font_size=\u00bb21px\u00bb custom_margin=\u00bb||0px||false|false\u00bb custom_padding=\u00bb19px|19px|19px|19px|false|false\u00bb link_option_url=\u00bbhttps:\/\/caleta.udg.edu\/git\/eXiT_Research_Group\/TDAH_data\u00bb link_option_url_new_window=\u00bbon\u00bb custom_css_blurb_title=\u00bbmargin-bottom:0%;\u00bb global_colors_info=\u00bb{}\u00bb][\/et_pb_blurb][et_pb_image src=\u00bbhttps:\/\/tdapp.org\/wp-content\/uploads\/2023\/07\/Basededades.jpg\u00bb title_text=\u00bbBasededades\u00bb url=\u00bbhttps:\/\/caleta.udg.edu\/git\/eXiT_Research_Group\/TDAH_data\u00bb _builder_version=\u00bb4.21.0&#8243; _module_preset=\u00bbdefault\u00bb global_colors_info=\u00bb{}\u00bb][\/et_pb_image][\/et_pb_column][et_pb_column type=\u00bb1_3&#8243; _builder_version=\u00bb4.21.0&#8243; _module_preset=\u00bbdefault\u00bb border_width_all=\u00bb1px\u00bb border_color_all=\u00bb#d8d8d8&#8243; global_colors_info=\u00bb{}\u00bb][et_pb_blurb title=\u00bbComunicaci\u00f3n al XXXI Congreso de la Sociedad Espa\u00f1ola de Farmacolog\u00eda Cl\u00ednica\u00bb _builder_version=\u00bb4.21.0&#8243; _module_preset=\u00bbdefault\u00bb header_font_size=\u00bb21px\u00bb custom_margin=\u00bb||0px||false|false\u00bb custom_padding=\u00bb19px|19px|19px|19px|false|false\u00bb link_option_url=\u00bbhttps:\/\/tdapp.org\/wp-content\/uploads\/2023\/07\/Poster-SEFC.pdf\u00bb link_option_url_new_window=\u00bbon\u00bb custom_css_blurb_title=\u00bbmargin-bottom:0%;\u00bb global_colors_info=\u00bb{}\u00bb][\/et_pb_blurb][et_pb_image src=\u00bbhttps:\/\/tdapp.org\/wp-content\/uploads\/2023\/07\/Poster-SEFC.jpg\u00bb title_text=\u00bbPoster-SEFC\u00bb url=\u00bbhttps:\/\/tdapp.org\/wp-content\/uploads\/2023\/07\/Poster-SEFC.pdf\u00bb url_new_window=\u00bbon\u00bb _builder_version=\u00bb4.21.0&#8243; _module_preset=\u00bbdefault\u00bb global_colors_info=\u00bb{}\u00bb][\/et_pb_image][\/et_pb_column][et_pb_column type=\u00bb1_3&#8243; _builder_version=\u00bb4.21.0&#8243; _module_preset=\u00bbdefault\u00bb border_width_all=\u00bb1px\u00bb border_color_all=\u00bb#d8d8d8&#8243; global_colors_info=\u00bb{}\u00bb][\/et_pb_column][\/et_pb_row][\/et_pb_section]\n","protected":false},"excerpt":{"rendered":"","protected":false},"author":2,"featured_media":0,"parent":0,"menu_order":0,"comment_status":"closed","ping_status":"closed","template":"","meta":{"_et_pb_use_builder":"on","_et_pb_old_content":"<p>[et_pb_section fb_built=\"1\" fullwidth=\"on\" next_background_color=\"#ffffff\" _builder_version=\"4.16\" background_color=\"#471473\" bottom_divider_style=\"curve\" bottom_divider_height=\"30px\" locked=\"off\" global_colors_info=\"{}\"][et_pb_fullwidth_header title=\"Recursos\" disabled_on=\"on|off|off\" admin_label=\"Desktop \/ Tablet\" _builder_version=\"4.21.0\" title_font=\"Quicksand|700|||||||\" title_text_align=\"center\" title_text_color=\"#ffffff\" title_font_size=\"36px\" custom_padding=\"15px||15px||false|false\" custom_padding_tablet=\"\" custom_padding_phone=\"||||false|false\" custom_padding_last_edited=\"on|phone\" title_font_size_tablet=\"\" title_font_size_phone=\"\" title_font_size_last_edited=\"on|phone\" global_colors_info=\"{}\"][\/et_pb_fullwidth_header][et_pb_fullwidth_header title=\"Recursos\" disabled_on=\"off|on|on\" admin_label=\"Phone\" _builder_version=\"4.21.0\" title_font=\"Quicksand|700|||||||\" title_text_align=\"center\" title_text_color=\"#ffffff\" title_font_size=\"26px\" custom_margin=\"0px||0px||false|false\" custom_padding=\"0px||0px||false|false\" custom_padding_phone=\"0px||0px||false|false\" custom_padding_last_edited=\"off|desktop\" title_font_size_tablet=\"\" title_font_size_phone=\"26px\" title_font_size_last_edited=\"on|phone\" global_colors_info=\"{}\"][\/et_pb_fullwidth_header][\/et_pb_section][et_pb_section fb_built=\"1\" _builder_version=\"4.21.0\" _module_preset=\"default\" global_colors_info=\"{}\"][et_pb_row column_structure=\"1_3,1_3,1_3\" make_equal=\"on\" _builder_version=\"4.21.0\" _module_preset=\"default\" border_width_all=\"0px\" border_color_all=\"RGBA(255,255,255,0)\" global_colors_info=\"{}\"][et_pb_column type=\"1_3\" _builder_version=\"4.21.0\" _module_preset=\"default\" border_width_all=\"1px\" border_color_all=\"#d8d8d8\" global_colors_info=\"{}\"][et_pb_blurb title=\"Article en text complet de l\u2019avaluaci\u00f3 \u00e8tica de TDApp \" _builder_version=\"4.21.0\" _module_preset=\"default\" header_font_size=\"21px\" custom_margin=\"||0px||false|false\" custom_padding=\"19px|19px|19px|19px|false|false\" link_option_url=\"https:\/\/link.springer.com\/chapter\/10.1007\/978-3-031-34344-5_47 \" link_option_url_new_window=\"on\" custom_css_blurb_title=\"margin-bottom:0%;\" global_colors_info=\"{}\"][\/et_pb_blurb][et_pb_gallery gallery_ids=\"2356\" fullwidth=\"on\" _builder_version=\"4.21.0\" _module_preset=\"default\" link_option_url=\"https:\/\/link.springer.com\/chapter\/10.1007\/978-3-031-34344-5_47 \" link_option_url_new_window=\"on\" global_colors_info=\"{}\"][\/et_pb_gallery][\/et_pb_column][et_pb_column type=\"1_3\" _builder_version=\"4.21.0\" _module_preset=\"default\" border_width_all=\"1px\" border_color_all=\"#d8d8d8\" global_colors_info=\"{}\"][et_pb_blurb title=\"P\u00f2ster de l\u2019avaluaci\u00f3 \u00e8tica de TDApp \" _builder_version=\"4.21.0\" _module_preset=\"default\" header_font_size=\"21px\" custom_margin=\"||0px||false|false\" custom_padding=\"19px|19px|19px|19px|false|false\" link_option_url=\"https:\/\/tdapp.org\/wp-content\/uploads\/2023\/07\/AIME-2023-Poster-final.pdf\" link_option_url_new_window=\"on\" custom_css_blurb_title=\"margin-bottom:0%;\" global_colors_info=\"{}\"][\/et_pb_blurb][et_pb_image src=\"https:\/\/tdapp.org\/wp-content\/uploads\/2023\/07\/TDAPP-presentacio-21st-International-Conference-on-Artificial-Intelligence-in-Medicine-3.jpg\" title_text=\"TDAPP-presentacio-21st-International-Conference-on-Artificial-Intelligence-in-Medicine-3\" url=\"https:\/\/tdapp.org\/wp-content\/uploads\/2023\/07\/AIME-2023-Poster-final.pdf\" url_new_window=\"on\" _builder_version=\"4.21.0\" _module_preset=\"default\" global_colors_info=\"{}\"][\/et_pb_image][\/et_pb_column][et_pb_column type=\"1_3\" _builder_version=\"4.21.0\" _module_preset=\"default\" border_width_all=\"1px\" border_color_all=\"#d8d8d8\" global_colors_info=\"{}\"][et_pb_blurb title=\"Article en text complet de l\u2019estudi de validaci\u00f3 tecnol\u00f2gica de TDApp\" _builder_version=\"4.21.0\" _module_preset=\"default\" header_font_size=\"21px\" custom_margin=\"||0px||false|false\" custom_padding=\"19px|19px|19px|19px|false|false\" link_option_url=\"https:\/\/tdapp.org\/wp-content\/uploads\/2023\/07\/Estudi-validacio-tecnologica-TDApp.pdf\" link_option_url_new_window=\"on\" custom_css_blurb_title=\"margin-bottom:0%;\" global_colors_info=\"{}\"][\/et_pb_blurb][et_pb_image src=\"https:\/\/tdapp.org\/wp-content\/uploads\/2023\/07\/NCBI-TDApp.png\" title_text=\"NCBI-TDApp\" url=\"https:\/\/tdapp.org\/wp-content\/uploads\/2023\/07\/Estudi-validacio-tecnologica-TDApp.pdf\" url_new_window=\"on\" _builder_version=\"4.21.0\" _module_preset=\"default\" global_colors_info=\"{}\"][\/et_pb_image][\/et_pb_column][\/et_pb_row][et_pb_row column_structure=\"1_3,1_3,1_3\" make_equal=\"on\" _builder_version=\"4.21.0\" _module_preset=\"default\" border_width_all=\"0px\" border_color_all=\"RGBA(255,255,255,0)\" global_colors_info=\"{}\"][et_pb_column type=\"1_3\" _builder_version=\"4.21.0\" _module_preset=\"default\" border_width_all=\"1px\" border_color_all=\"#d8d8d8\" global_colors_info=\"{}\"][et_pb_blurb title=\"Base de dades de l\u2019estudi de simulaci\u00f3 emprada en l\u2019estudi de validaci\u00f3 de TDApp\" url=\"https:\/\/caleta.udg.edu\/git\/eXiT_Research_Group\/TDAH_data\" _builder_version=\"4.21.0\" _module_preset=\"default\" header_font_size=\"21px\" custom_margin=\"||0px||false|false\" custom_padding=\"19px|19px|19px|19px|false|false\" link_option_url=\"https:\/\/caleta.udg.edu\/git\/eXiT_Research_Group\/TDAH_data\" link_option_url_new_window=\"on\" custom_css_blurb_title=\"margin-bottom:0%;\" global_colors_info=\"{}\"][\/et_pb_blurb][et_pb_image src=\"https:\/\/tdapp.org\/wp-content\/uploads\/2023\/07\/Basededades.jpg\" title_text=\"Basededades\" url=\"https:\/\/caleta.udg.edu\/git\/eXiT_Research_Group\/TDAH_data\" _builder_version=\"4.21.0\" _module_preset=\"default\" global_colors_info=\"{}\"][\/et_pb_image][\/et_pb_column][et_pb_column type=\"1_3\" _builder_version=\"4.21.0\" _module_preset=\"default\" border_width_all=\"1px\" border_color_all=\"#d8d8d8\" global_colors_info=\"{}\"][et_pb_blurb title=\"Comunicaci\u00f3 al XXXI Congr\u00e9s de la Societat Espanyola de Farmacologia Cl\u00ednica \" _builder_version=\"4.21.0\" _module_preset=\"default\" header_font_size=\"21px\" custom_margin=\"||0px||false|false\" custom_padding=\"19px|19px|19px|19px|false|false\" link_option_url=\"https:\/\/tdapp.org\/wp-content\/uploads\/2023\/07\/Poster-SEFC.pdf\" link_option_url_new_window=\"on\" custom_css_blurb_title=\"margin-bottom:0%;\" global_colors_info=\"{}\"][\/et_pb_blurb][et_pb_image src=\"https:\/\/tdapp.org\/wp-content\/uploads\/2023\/07\/Poster-SEFC.jpg\" title_text=\"Poster-SEFC\" url=\"https:\/\/tdapp.org\/wp-content\/uploads\/2023\/07\/Poster-SEFC.pdf\" url_new_window=\"on\" _builder_version=\"4.21.0\" _module_preset=\"default\" global_colors_info=\"{}\"][\/et_pb_image][\/et_pb_column][et_pb_column type=\"1_3\" _builder_version=\"4.21.0\" _module_preset=\"default\" border_width_all=\"1px\" border_color_all=\"#d8d8d8\" global_colors_info=\"{}\"][\/et_pb_column][\/et_pb_row][\/et_pb_section]<\/p>","_et_gb_content_width":"","footnotes":""},"_links":{"self":[{"href":"https:\/\/tdapp.org\/es\/wp-json\/wp\/v2\/pages\/2065"}],"collection":[{"href":"https:\/\/tdapp.org\/es\/wp-json\/wp\/v2\/pages"}],"about":[{"href":"https:\/\/tdapp.org\/es\/wp-json\/wp\/v2\/types\/page"}],"author":[{"embeddable":true,"href":"https:\/\/tdapp.org\/es\/wp-json\/wp\/v2\/users\/2"}],"replies":[{"embeddable":true,"href":"https:\/\/tdapp.org\/es\/wp-json\/wp\/v2\/comments?post=2065"}],"version-history":[{"count":4,"href":"https:\/\/tdapp.org\/es\/wp-json\/wp\/v2\/pages\/2065\/revisions"}],"predecessor-version":[{"id":2074,"href":"https:\/\/tdapp.org\/es\/wp-json\/wp\/v2\/pages\/2065\/revisions\/2074"}],"wp:attachment":[{"href":"https:\/\/tdapp.org\/es\/wp-json\/wp\/v2\/media?parent=2065"}],"curies":[{"name":"wp","href":"https:\/\/api.w.org\/{rel}","templated":true}]}}