{"id":1791,"date":"2019-07-26T11:31:08","date_gmt":"2019-07-26T11:31:08","guid":{"rendered":"http:\/\/tdapp.org\/es\/?page_id=1791"},"modified":"2019-07-26T11:31:12","modified_gmt":"2019-07-26T11:31:12","slug":"aviso-legal-y-proteccion-de-datos","status":"publish","type":"page","link":"https:\/\/tdapp.org\/es\/aviso-legal-y-proteccion-de-datos\/","title":{"rendered":"Aviso legal y protecci\u00f3n de datos"},"content":{"rendered":"[et_pb_section fb_built=\u00bb1&#8243; fullwidth=\u00bbon\u00bb _builder_version=\u00bb3.26.3&#8243; background_color=\u00bb#471473&#8243; bottom_divider_style=\u00bbcurve\u00bb bottom_divider_height=\u00bb30px\u00bb collapsed=\u00bboff\u00bb next_background_color=\u00bb#ffffff\u00bb][et_pb_fullwidth_post_title meta=\u00bboff\u00bb featured_image=\u00bboff\u00bb _builder_version=\u00bb3.26.3&#8243; title_font=\u00bbQuicksand|700|||||||\u00bb title_text_align=\u00bbcenter\u00bb title_text_color=\u00bb#ffffff\u00bb title_font_size=\u00bb36px\u00bb custom_padding=\u00bb30px||20px||false|false\u00bb title_font_size_phone=\u00bb26px\u00bb title_font_size_last_edited=\u00bbon|phone\u00bb][\/et_pb_fullwidth_post_title][\/et_pb_section][et_pb_section fb_built=\u00bb1&#8243; _builder_version=\u00bb3.22&#8243;][et_pb_row _builder_version=\u00bb3.25&#8243; background_size=\u00bbinitial\u00bb background_position=\u00bbtop_left\u00bb background_repeat=\u00bbrepeat\u00bb][et_pb_column type=\u00bb4_4&#8243; _builder_version=\u00bb3.0.47&#8243; custom_padding=\u00bb|||\u00bb custom_padding__hover=\u00bb|||\u00bb][et_pb_text _builder_version=\u00bb3.26.2&#8243; z_index_tablet=\u00bb500&#8243; text_text_shadow_horizontal_length_tablet=\u00bb0px\u00bb text_text_shadow_vertical_length_tablet=\u00bb0px\u00bb text_text_shadow_blur_strength_tablet=\u00bb1px\u00bb link_text_shadow_horizontal_length_tablet=\u00bb0px\u00bb link_text_shadow_vertical_length_tablet=\u00bb0px\u00bb link_text_shadow_blur_strength_tablet=\u00bb1px\u00bb ul_text_shadow_horizontal_length_tablet=\u00bb0px\u00bb ul_text_shadow_vertical_length_tablet=\u00bb0px\u00bb ul_text_shadow_blur_strength_tablet=\u00bb1px\u00bb ol_text_shadow_horizontal_length_tablet=\u00bb0px\u00bb ol_text_shadow_vertical_length_tablet=\u00bb0px\u00bb ol_text_shadow_blur_strength_tablet=\u00bb1px\u00bb quote_text_shadow_horizontal_length_tablet=\u00bb0px\u00bb quote_text_shadow_vertical_length_tablet=\u00bb0px\u00bb quote_text_shadow_blur_strength_tablet=\u00bb1px\u00bb header_text_shadow_horizontal_length_tablet=\u00bb0px\u00bb header_text_shadow_vertical_length_tablet=\u00bb0px\u00bb header_text_shadow_blur_strength_tablet=\u00bb1px\u00bb header_2_text_shadow_horizontal_length_tablet=\u00bb0px\u00bb header_2_text_shadow_vertical_length_tablet=\u00bb0px\u00bb header_2_text_shadow_blur_strength_tablet=\u00bb1px\u00bb header_3_text_shadow_horizontal_length_tablet=\u00bb0px\u00bb header_3_text_shadow_vertical_length_tablet=\u00bb0px\u00bb header_3_text_shadow_blur_strength_tablet=\u00bb1px\u00bb header_4_text_shadow_horizontal_length_tablet=\u00bb0px\u00bb header_4_text_shadow_vertical_length_tablet=\u00bb0px\u00bb header_4_text_shadow_blur_strength_tablet=\u00bb1px\u00bb header_5_text_shadow_horizontal_length_tablet=\u00bb0px\u00bb header_5_text_shadow_vertical_length_tablet=\u00bb0px\u00bb header_5_text_shadow_blur_strength_tablet=\u00bb1px\u00bb header_6_text_shadow_horizontal_length_tablet=\u00bb0px\u00bb header_6_text_shadow_vertical_length_tablet=\u00bb0px\u00bb header_6_text_shadow_blur_strength_tablet=\u00bb1px\u00bb box_shadow_horizontal_tablet=\u00bb0px\u00bb box_shadow_vertical_tablet=\u00bb0px\u00bb box_shadow_blur_tablet=\u00bb40px\u00bb box_shadow_spread_tablet=\u00bb0px\u00bb]\n<p>Este sitio web corresponde a la Universidad de Girona, con domicilio en la plaza de Sant Dom\u00e8nec 3, 17004 Girona, tel. +34 972 41 80 00, CIF Q6750002E.\u00a0\u00a0<\/p>\n<p>El sitio web y sus contenidos, incluyendo los textos, im\u00e1genes, gr\u00e1ficos, bases de datos y cualquier otro material, se ponen a disposici\u00f3n p\u00fablica con finalidades de informaci\u00f3n y para ofrecer servicios en el marco de las funciones propias de la Universidad de Girona. Existen derechos de propiedad intelectual sobre estos contenidos, que corresponden o bien a la Universidad de Girona o bien a terceras personas que han autorizado la utilizaci\u00f3n por este medio.<\/p>\n<p>\u00a0En general, y a menos que se indique de forma expresa para casos singulares, los contenidos de este lugar est\u00e1n sujetos a una licencia de Reconocimiento-NoComercial-SenseObraDerivada 4.0 Internacional\u00a0de\u00a0<a href=\"https:\/\/creativecommons.org\/choose\/?lang=ca\" target=\"_blank\" rel=\"noopener noreferrer\">Creative Commons<\/a>, un resumen en catal\u00e1n de la cual se puede leer a\u00a0<a href=\"https:\/\/creativecommons.org\/licenses\/by-nc-nd\/4.0\/deed.ca\">https:\/\/creativecommons.org\/licenses\/by-nc-nd\/4.0\/deed.ca<\/a><\/p>\n<p>El texto completo se encuentra disponible a\u00a0<a href=\"https:\/\/creativecommons.org\/licenses\/by-nc-nd\/4.0\/legalcode\">https:\/\/creativecommons.org\/licenses\/by-nc-nd\/4.0\/legalcode<\/a>\u00a0Esta licencia autoriza la reproducci\u00f3n y comunicaci\u00f3n p\u00fablica de los contenidos siempre que se cite los autores y la fuente (Universidad de Girona) y no autoriza usos comerciales de los contenidos del lugar ni hacer abres derivadas.<\/p>\n<p>La Universidad de Girona se reserva el derecho a iniciar las acciones legales oportunas para reparar los da\u00f1os y los perjuicios causados por cualquier acto que vulnere los derechos de propiedad intelectual.<\/p>\n<p>La Universidad de Girona presenta por medio de este lugar los dise\u00f1os y logotipos que la identifican. Pueden ser utilizados \u00fanicamente para identificar actividades o iniciativas propias de la Universidad o de otras personas o instituciones cuando estas iniciativas o actividades tengan el apoyo expl\u00edcito o la participaci\u00f3n de la Universidad.<\/p>\n<p>Algunos de los signos distintivos de la Universidad de Girona presentes en el sitio web son marcas registradas. En consecuencia, su utilizaci\u00f3n fuera de los casos autorizados por la Universidad obligar\u00eda a iniciar las acciones legales oportunas.<\/p>\n<p>La informaci\u00f3n administrativa facilitada por medio de esta web no sustituye la publicaci\u00f3n preceptiva de determinadas informaciones, disposiciones y normativas en las publicaciones oficiales que corresponda, que es la \u00fanica que tiene validez y efectos administrativos y legales.<\/p>\n<p>La Universidad de Girona, en cumplimiento de la normativa sobre protecci\u00f3n de datos de car\u00e1cter personal, garantiza la confidencialidad de los datos que se puedan obtener por medio de este sitio web, as\u00ed como la implementaci\u00f3n de las medidas t\u00e9cnicas y organizativas que garanticen la seguridad. Cuando sea exigible legalmente, las comunicaciones y transacciones que haga el usuario de la web se llevar\u00e1n a cabo mediante un sistema de comunicaci\u00f3n \u00abde entorno seguro\u00bb. El usuario puede comprobar en cualquier momento si se encuentra en un entorno seguro verificando la existencia de un candado cerrado que aparecer\u00e1 a la parte inferior derecha de la pantalla.<\/p>\n<p>La Universidad de Girona entiende que, en el momento de rellenar los formularios que figuran en el lugar, el usuario se considera suficientemente informado de las finalidades de la recogida de sus datos personales y del tratamiento que se derivar\u00e1. Salvo indicaci\u00f3n expresa en sentido contrario, estos datos se integrar\u00e1n en los ficheros de la Universidad de Girona para su tratamiento con las finalidades que se indiquen en cada caso. Los interesados podr\u00e1n ejercer sus derechos de acceso, rectificaci\u00f3n, oposici\u00f3n y cancelaci\u00f3n dirigi\u00e9ndose a la Secretar\u00eda General de la Universidad (secretari.general@udg.edu).<\/p>\n<p>La Universidad de Girona informa de que este sitio web utiliza galletas\u00a0<em>(cookies)<\/em>\u00a0en algunos procesos internos de funcionamiento. Estas galletas permiten controlar los datos de navegaci\u00f3n del usuario con el fin de hacer m\u00e1s c\u00f3moda y r\u00e1pida la comunicaci\u00f3n que se establece entre \u00e9l y el sitio web. La vigencia de estas galletas ser\u00e1 la estrictamente necesaria para la prestaci\u00f3n de los servicios que se ofrecen desde el sitio web. En ning\u00fan caso se utilizan galletas para adquirir datos personales identificativos del usuario. El usuario ten la posibilidad de configurar su navegador de Internet para obtener un mejor conocimiento y control de las galletas, para ser advertido antes de su instalaci\u00f3n y para impedirla si es su voluntad, aunque esta decisi\u00f3n puede comportar una p\u00e9rdida de funcionalidad y operatividad de la web.<\/p>\n<p>La Universidad de Girona no puede garantizar de manera absoluta que la web y el servidor est\u00e9n libres de virus y no se hace responsable de los posibles da\u00f1os o perjuicios que se puedan derivar de interferencias, omisiones, interrupciones, virus inform\u00e1ticos, sobrecarga de las l\u00edneas, aver\u00edas o desconexiones. Tampoco se hace de los da\u00f1os que puedan ser causados por terceras personas mediante intromisiones ileg\u00edtimas fuera del control de la Universidad. Cuando sea razonablemente posible, advertir\u00e1 previamente de las interrupciones en el funcionamiento de la web y de los servicios que est\u00e1n asociados.<\/p>\n<p>La Universidad de Girona se reserva el derecho a modificar unilateralmente, en cualquier momento y sin aviso previo, la presentaci\u00f3n, la configuraci\u00f3n y los contenidos de la web, as\u00ed como la oferta de servicios y las condiciones que se requieren para utilizarlo.<\/p>\n<p>La Universidad de Girona no se hace responsable del contenido, exactitud y actualizaci\u00f3n de la informaci\u00f3n que proviene de otras personas f\u00edsicas o jur\u00eddicas y que conste al sitio web o a la que se remita por medio de enlaces o de otros sistemas.<\/p>\n<p>No se autorizan presentaciones de los contenidos de este sitio web en una\u00a0<em>ventana<\/em>\u00a0ajena (framing) sin la autorizaci\u00f3n expresa y por escrito de la Universidad, salvo aquellos que se ofrecen expl\u00edcitamente para sindicar.<\/p>\n<p>Los posibles conflictos relativos a la utilizaci\u00f3n de esta web se regir\u00e1n exclusivamente por el derecho del Estado espa\u00f1ol y de Catalu\u00f1a, siendo los juzgados de la ciudad de Girona los \u00fanicos competentes. Toda persona usuaria de la web, independientemente de la jurisdicci\u00f3n territorial desde la cual acceda, acepta el cumplimiento y respecto de esta cl\u00e1usula, con renuncia expresa a cualquier otro fuero.<\/p>\n[\/et_pb_text][\/et_pb_column][\/et_pb_row][\/et_pb_section]\n","protected":false},"excerpt":{"rendered":"<p>Este sitio web corresponde a la Universidad de Girona, con domicilio en la plaza de Sant Dom\u00e8nec 3, 17004 Girona, tel. +34 972 41 80 00, CIF Q6750002E.\u00a0\u00a0 El sitio web y sus contenidos, incluyendo los textos, im\u00e1genes, gr\u00e1ficos, bases de datos y cualquier otro material, se ponen a disposici\u00f3n p\u00fablica con finalidades de informaci\u00f3n [&hellip;]<\/p>\n","protected":false},"author":2,"featured_media":0,"parent":0,"menu_order":0,"comment_status":"closed","ping_status":"closed","template":"","meta":{"_et_pb_use_builder":"on","_et_pb_old_content":"<p>[et_pb_section bb_built=\"1\" fullwidth=\"on\" _builder_version=\"3.26.3\" background_color=\"#471473\" bottom_divider_style=\"curve\" bottom_divider_height=\"30px\" prev_background_color=\"#000000\" collapsed=\"off\"][et_pb_fullwidth_post_title meta=\"off\" featured_image=\"off\" _builder_version=\"3.26.3\" title_font=\"Quicksand|700|||||||\" title_text_align=\"center\" title_text_color=\"#ffffff\" custom_padding=\"30px||20px||false|false\" hover_enabled=\"0\" title_font_size_last_edited=\"on|phone\" title_font_size=\"36px\" title_font_size_phone=\"26px\"]<\/p><p>[\/et_pb_fullwidth_post_title][\/et_pb_section][et_pb_section bb_built=\"1\" inner_width=\"auto\" inner_max_width=\"1200px\" next_background_color=\"#000000\"][et_pb_row][et_pb_column type=\"4_4\" custom_padding__hover=\"|||\" custom_padding=\"|||\"][et_pb_text _builder_version=\"3.26.2\" text_text_shadow_horizontal_length=\"text_text_shadow_style,%91object Object%93\" text_text_shadow_horizontal_length_tablet=\"0px\" text_text_shadow_vertical_length=\"text_text_shadow_style,%91object Object%93\" text_text_shadow_vertical_length_tablet=\"0px\" text_text_shadow_blur_strength=\"text_text_shadow_style,%91object Object%93\" text_text_shadow_blur_strength_tablet=\"1px\" link_text_shadow_horizontal_length=\"link_text_shadow_style,%91object Object%93\" link_text_shadow_horizontal_length_tablet=\"0px\" link_text_shadow_vertical_length=\"link_text_shadow_style,%91object Object%93\" link_text_shadow_vertical_length_tablet=\"0px\" link_text_shadow_blur_strength=\"link_text_shadow_style,%91object Object%93\" link_text_shadow_blur_strength_tablet=\"1px\" ul_text_shadow_horizontal_length=\"ul_text_shadow_style,%91object Object%93\" ul_text_shadow_horizontal_length_tablet=\"0px\" ul_text_shadow_vertical_length=\"ul_text_shadow_style,%91object Object%93\" ul_text_shadow_vertical_length_tablet=\"0px\" ul_text_shadow_blur_strength=\"ul_text_shadow_style,%91object Object%93\" ul_text_shadow_blur_strength_tablet=\"1px\" ol_text_shadow_horizontal_length=\"ol_text_shadow_style,%91object Object%93\" ol_text_shadow_horizontal_length_tablet=\"0px\" ol_text_shadow_vertical_length=\"ol_text_shadow_style,%91object Object%93\" ol_text_shadow_vertical_length_tablet=\"0px\" ol_text_shadow_blur_strength=\"ol_text_shadow_style,%91object Object%93\" ol_text_shadow_blur_strength_tablet=\"1px\" quote_text_shadow_horizontal_length=\"quote_text_shadow_style,%91object Object%93\" quote_text_shadow_horizontal_length_tablet=\"0px\" quote_text_shadow_vertical_length=\"quote_text_shadow_style,%91object Object%93\" quote_text_shadow_vertical_length_tablet=\"0px\" quote_text_shadow_blur_strength=\"quote_text_shadow_style,%91object Object%93\" quote_text_shadow_blur_strength_tablet=\"1px\" header_text_shadow_horizontal_length=\"header_text_shadow_style,%91object Object%93\" header_text_shadow_horizontal_length_tablet=\"0px\" header_text_shadow_vertical_length=\"header_text_shadow_style,%91object Object%93\" header_text_shadow_vertical_length_tablet=\"0px\" header_text_shadow_blur_strength=\"header_text_shadow_style,%91object Object%93\" header_text_shadow_blur_strength_tablet=\"1px\" header_2_text_shadow_horizontal_length=\"header_2_text_shadow_style,%91object Object%93\" header_2_text_shadow_horizontal_length_tablet=\"0px\" header_2_text_shadow_vertical_length=\"header_2_text_shadow_style,%91object Object%93\" header_2_text_shadow_vertical_length_tablet=\"0px\" header_2_text_shadow_blur_strength=\"header_2_text_shadow_style,%91object Object%93\" header_2_text_shadow_blur_strength_tablet=\"1px\" header_3_text_shadow_horizontal_length=\"header_3_text_shadow_style,%91object Object%93\" header_3_text_shadow_horizontal_length_tablet=\"0px\" header_3_text_shadow_vertical_length=\"header_3_text_shadow_style,%91object Object%93\" header_3_text_shadow_vertical_length_tablet=\"0px\" header_3_text_shadow_blur_strength=\"header_3_text_shadow_style,%91object Object%93\" header_3_text_shadow_blur_strength_tablet=\"1px\" header_4_text_shadow_horizontal_length=\"header_4_text_shadow_style,%91object Object%93\" header_4_text_shadow_horizontal_length_tablet=\"0px\" header_4_text_shadow_vertical_length=\"header_4_text_shadow_style,%91object Object%93\" header_4_text_shadow_vertical_length_tablet=\"0px\" header_4_text_shadow_blur_strength=\"header_4_text_shadow_style,%91object Object%93\" header_4_text_shadow_blur_strength_tablet=\"1px\" header_5_text_shadow_horizontal_length=\"header_5_text_shadow_style,%91object Object%93\" header_5_text_shadow_horizontal_length_tablet=\"0px\" header_5_text_shadow_vertical_length=\"header_5_text_shadow_style,%91object Object%93\" header_5_text_shadow_vertical_length_tablet=\"0px\" header_5_text_shadow_blur_strength=\"header_5_text_shadow_style,%91object Object%93\" header_5_text_shadow_blur_strength_tablet=\"1px\" header_6_text_shadow_horizontal_length=\"header_6_text_shadow_style,%91object Object%93\" header_6_text_shadow_horizontal_length_tablet=\"0px\" header_6_text_shadow_vertical_length=\"header_6_text_shadow_style,%91object Object%93\" header_6_text_shadow_vertical_length_tablet=\"0px\" header_6_text_shadow_blur_strength=\"header_6_text_shadow_style,%91object Object%93\" header_6_text_shadow_blur_strength_tablet=\"1px\" box_shadow_horizontal_tablet=\"0px\" box_shadow_vertical_tablet=\"0px\" box_shadow_blur_tablet=\"40px\" box_shadow_spread_tablet=\"0px\" z_index_tablet=\"500\"]<\/p><p>Aquest lloc web correspon a la Universitat de Girona, amb domicili a la pla\u00e7a de Sant Dom\u00e8nec 3, 17004 Girona, tel. +34 972 41 80 00, CIF Q6750002E.\u00a0\u00a0<\/p><p>El lloc web i els seus continguts, incloent-hi els textos, imatges, gr\u00e0fics, bases de dades i qualsevol altre material, es posen a disposici\u00f3 p\u00fablica amb finalitats d\u2019informaci\u00f3 i per oferir serveis en el marc de les funcions pr\u00f2pies de la Universitat de Girona. Existeixen drets de propietat intel\u00b7lectual sobre aquests continguts, que corresponen o b\u00e9 a la Universitat de Girona o b\u00e9 a terceres persones que n\u2019han autoritzat la utilitzaci\u00f3 per aquest mitj\u00e0.<\/p><p>En general, i llevat que s\u2019indiqui de forma expressa per a casos singulars, els continguts d\u2019aquest lloc estan subjectes a una llic\u00e8ncia de Reconeixement-NoComercial-SenseObraDerivada 4.0 Internacional de\u00a0<a href=\"https:\/\/creativecommons.org\/choose\/?lang=ca\" target=\"_blank\" rel=\"noopener noreferrer\">Creative Commons<\/a>, un resum en catal\u00e0 de la qual es pot llegir a\u00a0<a href=\"https:\/\/creativecommons.org\/licenses\/by-nc-nd\/4.0\/deed.ca\">https:\/\/creativecommons.org\/licenses\/by-nc-nd\/4.0\/deed.ca<\/a><\/p><p>El text complet es troba disponible a\u00a0<a href=\"https:\/\/creativecommons.org\/licenses\/by-nc-nd\/4.0\/legalcode\">https:\/\/creativecommons.org\/licenses\/by-nc-nd\/4.0\/legalcode<\/a>\u00a0Aquesta llic\u00e8ncia autoritza la reproducci\u00f3 i comunicaci\u00f3 p\u00fablica dels continguts sempre que se citi els autors i la font (Universitat de Girona) i no autoritza usos comercials dels continguts del lloc ni fer-ne obres derivades.<\/p><p>La Universitat de Girona es reserva el dret a iniciar les accions legals oportunes per reparar els danys i els perjudicis causats per qualsevol acte que vulneri els drets de propietat intel\u00b7lectual.<\/p><p>La Universitat de Girona presenta per mitj\u00e0 d\u2019aquest lloc els dissenys i logotips que la identifiquen. Poden ser utilitzats \u00fanicament per identificar activitats o iniciatives pr\u00f2pies de la Universitat o d\u2019altres persones o institucions quan aquestes iniciatives o activitats tinguin el suport expl\u00edcit o la participaci\u00f3 de la Universitat.<\/p><p>Alguns dels signes distintius de la Universitat de Girona presents en el lloc web s\u00f3n marques registrades. En conseq\u00fc\u00e8ncia, la seva utilitzaci\u00f3 fora dels casos autoritzats per la Universitat obligaria a iniciar les accions legals oportunes.<\/p><p>La informaci\u00f3 administrativa facilitada per mitj\u00e0 d'aquest web no substitueix la publicaci\u00f3 preceptiva de determinades informacions, disposicions i normatives en les publicacions oficials que correspongui, que \u00e9s l\u2019\u00fanica que t\u00e9 validesa i efectes administratius i legals.<\/p><p>La Universitat de Girona, en compliment de la normativa sobre protecci\u00f3 de dades de car\u00e0cter personal, garanteix la confidencialitat de les dades que es puguin obtenir per mitj\u00e0 d\u2019aquest lloc web, aix\u00ed com la implementaci\u00f3 de les mesures t\u00e8cniques i organitzatives que en garanteixin la seguretat. Quan sigui exigible legalment, les comunicacions i transaccions que faci l'usuari del web es duran a terme mitjan\u00e7ant un sistema de comunicaci\u00f3 \"d\u2019entorn segur\". L'usuari pot comprovar en qualsevol moment si es troba en un entorn segur verificant l'exist\u00e8ncia d'un cadenat tancat que apareixer\u00e0 a la part inferior dreta de la pantalla.<\/p><p>La Universitat de Girona ent\u00e9n que, en el moment d\u2019emplenar els formularis que figuren al lloc, l'usuari es considera suficientment informat de les finalitats de la recollida de les seves dades personals i del tractament que se\u2019n derivar\u00e0. Llevat d\u2019indicaci\u00f3 expressa en sentit contrari, aquestes dades s\u2019integraran als fitxers de la Universitat de Girona per al seu tractament amb les finalitats que s\u2019indiquin en cada cas. Els interessats podran exercir els seus drets d\u2019acc\u00e9s, rectificaci\u00f3, oposici\u00f3 i cancel\u00b7laci\u00f3 adre\u00e7ant-se a la Secretaria General de la Universitat (<a href=\"mailto:secretari.general@udg.edu\">secretari.general@udg.edu<\/a>).<\/p><p>La Universitat de Girona informa que aquest lloc web utilitza galetes\u00a0<em>(cookies)<\/em>\u00a0en alguns processos interns de funcionament. Aquestes galetes permeten controlar les dades de navegaci\u00f3 de l'usuari a fi de fer m\u00e9s c\u00f2moda i r\u00e0pida la comunicaci\u00f3 que s\u2019estableix entre ell i el lloc web. La vig\u00e8ncia d\u2019aquestes galetes ser\u00e0 l\u2019estrictament necess\u00e0ria per a la prestaci\u00f3 dels serveis que s\u2019ofereixen des del lloc web. En cap cas no s\u2019utilitzen galetes per adquirir dades personals identificatives de l\u2019usuari. L\u2019usuari t\u00e9 la possibilitat de configurar el seu navegador d'Internet per obtenir un millor coneixement i control de les galetes, per ser advertit abans de la seva instal\u00b7laci\u00f3 i per impedir-la si \u00e9s la seva voluntat, tot i que aquesta decisi\u00f3 pot comportar una p\u00e8rdua de funcionalitat i operativitat del web.<\/p><p>La Universitat de Girona no pot garantir de manera absoluta que el web i el servidor estiguin lliures de virus i no es fa responsable dels possibles danys o perjudicis que es puguin derivar d\u2019interfer\u00e8ncies, omissions, interrupcions, virus inform\u00e0tics, sobrec\u00e0rrega de les l\u00ednies, avaries o desconnexions. Tampoc no se\u2019n fa dels danys que puguin ser causats per terceres persones mitjan\u00e7ant intromissions il\u00b7leg\u00edtimes fora del control de la Universitat. Quan sigui raonablement possible, advertir\u00e0 pr\u00e8viament de les interrupcions en el funcionament del web i dels serveis que hi estan associats.<\/p><p>La Universitat de Girona es reserva el dret a modificar unilateralment, en qualsevol moment i sense av\u00eds previ, la presentaci\u00f3, la configuraci\u00f3 i els continguts del web, aix\u00ed com l'oferta de serveis i les condicions que es requereixen per utilitzar-lo.<\/p><p>La Universitat de Girona no es fa responsable del contingut, exactitud i actualitzaci\u00f3 de la informaci\u00f3 que prov\u00e9 d'altres persones f\u00edsiques o jur\u00eddiques i que consti al lloc web o a la que es remeti per mitj\u00e0 d'enlla\u00e7os o d\u2019altres sistemes.<\/p><p>No s\u2019autoritzen presentacions dels continguts d\u2019aquest lloc web en una finestra aliena (<em>framing<\/em>) sense l\u2019autoritzaci\u00f3 expressa i per escrit de la Universitat, llevat d\u2019aquells que s\u2019ofereixen expl\u00edcitament per sindicar.<\/p><p>Els possibles conflictes relatius a la utilitzaci\u00f3 d\u2019aquest web es regiran exclusivament pel dret de l'Estat espanyol i de Catalunya, sent els jutjats de la ciutat de Girona els \u00fanics competents. Tota persona usu\u00e0ria del web, independentment de la jurisdicci\u00f3 territorial des de la qual hi accedeixi, accepta el compliment i respecte d'aquesta cl\u00e0usula, amb ren\u00fancia expressa a qualsevol altre fur.<\/p><p>[\/et_pb_text][\/et_pb_column][\/et_pb_row][\/et_pb_section]<\/p>","_et_gb_content_width":"","footnotes":""},"_links":{"self":[{"href":"https:\/\/tdapp.org\/es\/wp-json\/wp\/v2\/pages\/1791"}],"collection":[{"href":"https:\/\/tdapp.org\/es\/wp-json\/wp\/v2\/pages"}],"about":[{"href":"https:\/\/tdapp.org\/es\/wp-json\/wp\/v2\/types\/page"}],"author":[{"embeddable":true,"href":"https:\/\/tdapp.org\/es\/wp-json\/wp\/v2\/users\/2"}],"replies":[{"embeddable":true,"href":"https:\/\/tdapp.org\/es\/wp-json\/wp\/v2\/comments?post=1791"}],"version-history":[{"count":2,"href":"https:\/\/tdapp.org\/es\/wp-json\/wp\/v2\/pages\/1791\/revisions"}],"predecessor-version":[{"id":1793,"href":"https:\/\/tdapp.org\/es\/wp-json\/wp\/v2\/pages\/1791\/revisions\/1793"}],"wp:attachment":[{"href":"https:\/\/tdapp.org\/es\/wp-json\/wp\/v2\/media?parent=1791"}],"curies":[{"name":"wp","href":"https:\/\/api.w.org\/{rel}","templated":true}]}}