{"id":690,"date":"2023-07-10T20:10:56","date_gmt":"2023-07-10T20:10:56","guid":{"rendered":"https:\/\/tdapp.org\/en\/resources\/"},"modified":"2023-07-10T20:20:56","modified_gmt":"2023-07-10T20:20:56","slug":"resources","status":"publish","type":"page","link":"https:\/\/tdapp.org\/en\/resources\/","title":{"rendered":"Resources"},"content":{"rendered":"[et_pb_section fb_built=&#8221;1&#8243; fullwidth=&#8221;on&#8221; next_background_color=&#8221;#ffffff&#8221; _builder_version=&#8221;4.16&#8243; background_color=&#8221;#471473&#8243; bottom_divider_style=&#8221;curve&#8221; bottom_divider_height=&#8221;30px&#8221; locked=&#8221;off&#8221; global_colors_info=&#8221;{}&#8221;][et_pb_fullwidth_header title=&#8221;Resources&#8221; disabled_on=&#8221;on|off|off&#8221; admin_label=&#8221;Desktop \/ Tablet&#8221; _builder_version=&#8221;4.21.0&#8243; title_font=&#8221;Quicksand|700|||||||&#8221; title_text_align=&#8221;center&#8221; title_text_color=&#8221;#ffffff&#8221; title_font_size=&#8221;36px&#8221; custom_padding=&#8221;15px||15px||false|false&#8221; custom_padding_tablet=&#8221;&#8221; custom_padding_phone=&#8221;||||false|false&#8221; custom_padding_last_edited=&#8221;on|phone&#8221; title_font_size_tablet=&#8221;&#8221; title_font_size_phone=&#8221;&#8221; title_font_size_last_edited=&#8221;on|phone&#8221; global_colors_info=&#8221;{}&#8221;][\/et_pb_fullwidth_header][et_pb_fullwidth_header title=&#8221;Resources&#8221; disabled_on=&#8221;off|on|on&#8221; admin_label=&#8221;Phone&#8221; _builder_version=&#8221;4.21.0&#8243; title_font=&#8221;Quicksand|700|||||||&#8221; title_text_align=&#8221;center&#8221; title_text_color=&#8221;#ffffff&#8221; title_font_size=&#8221;26px&#8221; custom_margin=&#8221;0px||0px||false|false&#8221; custom_padding=&#8221;0px||0px||false|false&#8221; custom_padding_phone=&#8221;0px||0px||false|false&#8221; custom_padding_last_edited=&#8221;off|desktop&#8221; title_font_size_tablet=&#8221;&#8221; title_font_size_phone=&#8221;26px&#8221; title_font_size_last_edited=&#8221;on|phone&#8221; global_colors_info=&#8221;{}&#8221;][\/et_pb_fullwidth_header][\/et_pb_section][et_pb_section fb_built=&#8221;1&#8243; _builder_version=&#8221;4.21.0&#8243; _module_preset=&#8221;default&#8221; global_colors_info=&#8221;{}&#8221;][et_pb_row column_structure=&#8221;1_3,1_3,1_3&#8243; make_equal=&#8221;on&#8221; _builder_version=&#8221;4.21.0&#8243; _module_preset=&#8221;default&#8221; border_width_all=&#8221;0px&#8221; border_color_all=&#8221;RGBA(255,255,255,0)&#8221; global_colors_info=&#8221;{}&#8221;][et_pb_column type=&#8221;1_3&#8243; _builder_version=&#8221;4.21.0&#8243; _module_preset=&#8221;default&#8221; border_width_all=&#8221;1px&#8221; border_color_all=&#8221;#d8d8d8&#8243; global_colors_info=&#8221;{}&#8221;][et_pb_blurb title=&#8221;Full text article of TDApp\u2019s etical evaluation&#8221; _builder_version=&#8221;4.21.0&#8243; _module_preset=&#8221;default&#8221; header_font_size=&#8221;21px&#8221; custom_margin=&#8221;||0px||false|false&#8221; custom_padding=&#8221;19px|19px|19px|19px|false|false&#8221; link_option_url=&#8221;https:\/\/link.springer.com\/chapter\/10.1007\/978-3-031-34344-5_47 &#8221; link_option_url_new_window=&#8221;on&#8221; custom_css_blurb_title=&#8221;margin-bottom:0%;&#8221; global_colors_info=&#8221;{}&#8221;][\/et_pb_blurb][et_pb_gallery gallery_ids=&#8221;706&#8243; fullwidth=&#8221;on&#8221; _builder_version=&#8221;4.21.0&#8243; _module_preset=&#8221;default&#8221; link_option_url=&#8221;https:\/\/link.springer.com\/chapter\/10.1007\/978-3-031-34344-5_47 &#8221; link_option_url_new_window=&#8221;on&#8221; global_colors_info=&#8221;{}&#8221;][\/et_pb_gallery][\/et_pb_column][et_pb_column type=&#8221;1_3&#8243; _builder_version=&#8221;4.21.0&#8243; _module_preset=&#8221;default&#8221; border_width_all=&#8221;1px&#8221; border_color_all=&#8221;#d8d8d8&#8243; global_colors_info=&#8221;{}&#8221;][et_pb_blurb title=&#8221;Poster of TDApp\u2019s etical evaluation&#8221; _builder_version=&#8221;4.21.0&#8243; _module_preset=&#8221;default&#8221; header_font_size=&#8221;21px&#8221; custom_margin=&#8221;||0px||false|false&#8221; custom_padding=&#8221;19px|19px|19px|19px|false|false&#8221; link_option_url=&#8221;https:\/\/tdapp.org\/wp-content\/uploads\/2023\/07\/AIME-2023-Poster-final.pdf&#8221; link_option_url_new_window=&#8221;on&#8221; custom_css_blurb_title=&#8221;margin-bottom:0%;&#8221; global_colors_info=&#8221;{}&#8221;][\/et_pb_blurb][et_pb_image src=&#8221;https:\/\/tdapp.org\/wp-content\/uploads\/2023\/07\/TDAPP-presentacio-21st-International-Conference-on-Artificial-Intelligence-in-Medicine-3.jpg&#8221; title_text=&#8221;TDAPP-presentacio-21st-International-Conference-on-Artificial-Intelligence-in-Medicine-3&#8243; url=&#8221;https:\/\/tdapp.org\/wp-content\/uploads\/2023\/07\/AIME-2023-Poster-final.pdf&#8221; url_new_window=&#8221;on&#8221; _builder_version=&#8221;4.21.0&#8243; _module_preset=&#8221;default&#8221; global_colors_info=&#8221;{}&#8221;][\/et_pb_image][\/et_pb_column][et_pb_column type=&#8221;1_3&#8243; _builder_version=&#8221;4.21.0&#8243; _module_preset=&#8221;default&#8221; border_width_all=&#8221;1px&#8221; border_color_all=&#8221;#d8d8d8&#8243; global_colors_info=&#8221;{}&#8221;][et_pb_blurb title=&#8221;Full text of the TDApp technology validation study&#8221; _builder_version=&#8221;4.21.0&#8243; _module_preset=&#8221;default&#8221; header_font_size=&#8221;21px&#8221; custom_margin=&#8221;||0px||false|false&#8221; custom_padding=&#8221;19px|19px|19px|19px|false|false&#8221; link_option_url=&#8221;https:\/\/tdapp.org\/wp-content\/uploads\/2023\/07\/Estudi-validacio-tecnologica-TDApp.pdf&#8221; link_option_url_new_window=&#8221;on&#8221; custom_css_blurb_title=&#8221;margin-bottom:0%;&#8221; global_colors_info=&#8221;{}&#8221;][\/et_pb_blurb][et_pb_image src=&#8221;https:\/\/tdapp.org\/wp-content\/uploads\/2023\/07\/NCBI-TDApp.png&#8221; title_text=&#8221;NCBI-TDApp&#8221; url=&#8221;https:\/\/tdapp.org\/wp-content\/uploads\/2023\/07\/Estudi-validacio-tecnologica-TDApp.pdf&#8221; url_new_window=&#8221;on&#8221; _builder_version=&#8221;4.21.0&#8243; _module_preset=&#8221;default&#8221; global_colors_info=&#8221;{}&#8221;][\/et_pb_image][\/et_pb_column][\/et_pb_row][et_pb_row column_structure=&#8221;1_3,1_3,1_3&#8243; make_equal=&#8221;on&#8221; _builder_version=&#8221;4.21.0&#8243; _module_preset=&#8221;default&#8221; border_width_all=&#8221;0px&#8221; border_color_all=&#8221;RGBA(255,255,255,0)&#8221; global_colors_info=&#8221;{}&#8221;][et_pb_column type=&#8221;1_3&#8243; _builder_version=&#8221;4.21.0&#8243; _module_preset=&#8221;default&#8221; border_width_all=&#8221;1px&#8221; border_color_all=&#8221;#d8d8d8&#8243; global_colors_info=&#8221;{}&#8221;][et_pb_blurb title=&#8221;Simulated patients dataset used for TDApp\u2019s validation&#8221; url=&#8221;https:\/\/caleta.udg.edu\/git\/eXiT_Research_Group\/TDAH_data&#8221; _builder_version=&#8221;4.21.0&#8243; _module_preset=&#8221;default&#8221; header_font_size=&#8221;21px&#8221; custom_margin=&#8221;||0px||false|false&#8221; custom_padding=&#8221;19px|19px|19px|19px|false|false&#8221; link_option_url=&#8221;https:\/\/caleta.udg.edu\/git\/eXiT_Research_Group\/TDAH_data&#8221; link_option_url_new_window=&#8221;on&#8221; custom_css_blurb_title=&#8221;margin-bottom:0%;&#8221; global_colors_info=&#8221;{}&#8221;][\/et_pb_blurb][et_pb_image src=&#8221;https:\/\/tdapp.org\/wp-content\/uploads\/2023\/07\/Basededades.jpg&#8221; title_text=&#8221;Basededades&#8221; url=&#8221;https:\/\/caleta.udg.edu\/git\/eXiT_Research_Group\/TDAH_data&#8221; _builder_version=&#8221;4.21.0&#8243; _module_preset=&#8221;default&#8221; global_colors_info=&#8221;{}&#8221;][\/et_pb_image][\/et_pb_column][et_pb_column type=&#8221;1_3&#8243; _builder_version=&#8221;4.21.0&#8243; _module_preset=&#8221;default&#8221; border_width_all=&#8221;1px&#8221; border_color_all=&#8221;#d8d8d8&#8243; global_colors_info=&#8221;{}&#8221;][et_pb_blurb title=&#8221;Communication at the XXXI Congress of the Spanish Society of Clinical Pharmacology &#8221; _builder_version=&#8221;4.21.0&#8243; _module_preset=&#8221;default&#8221; header_font_size=&#8221;21px&#8221; custom_margin=&#8221;||0px||false|false&#8221; custom_padding=&#8221;19px|19px|19px|19px|false|false&#8221; link_option_url=&#8221;https:\/\/tdapp.org\/wp-content\/uploads\/2023\/07\/Poster-SEFC.pdf&#8221; link_option_url_new_window=&#8221;on&#8221; custom_css_blurb_title=&#8221;margin-bottom:0%;&#8221; global_colors_info=&#8221;{}&#8221;][\/et_pb_blurb][et_pb_image src=&#8221;https:\/\/tdapp.org\/wp-content\/uploads\/2023\/07\/Poster-SEFC.jpg&#8221; title_text=&#8221;Poster-SEFC&#8221; url=&#8221;https:\/\/tdapp.org\/wp-content\/uploads\/2023\/07\/Poster-SEFC.pdf&#8221; url_new_window=&#8221;on&#8221; _builder_version=&#8221;4.21.0&#8243; _module_preset=&#8221;default&#8221; global_colors_info=&#8221;{}&#8221;][\/et_pb_image][\/et_pb_column][et_pb_column type=&#8221;1_3&#8243; _builder_version=&#8221;4.21.0&#8243; _module_preset=&#8221;default&#8221; border_width_all=&#8221;1px&#8221; border_color_all=&#8221;#d8d8d8&#8243; global_colors_info=&#8221;{}&#8221;][\/et_pb_column][\/et_pb_row][\/et_pb_section]\n","protected":false},"excerpt":{"rendered":"","protected":false},"author":2,"featured_media":0,"parent":0,"menu_order":0,"comment_status":"closed","ping_status":"closed","template":"","meta":{"_et_pb_use_builder":"on","_et_pb_old_content":"<p>[et_pb_section fb_built=\"1\" fullwidth=\"on\" next_background_color=\"#ffffff\" _builder_version=\"4.16\" background_color=\"#471473\" bottom_divider_style=\"curve\" bottom_divider_height=\"30px\" locked=\"off\" global_colors_info=\"{}\"][et_pb_fullwidth_header title=\"Recursos\" disabled_on=\"on|off|off\" admin_label=\"Desktop \/ Tablet\" _builder_version=\"4.21.0\" title_font=\"Quicksand|700|||||||\" title_text_align=\"center\" title_text_color=\"#ffffff\" title_font_size=\"36px\" custom_padding=\"15px||15px||false|false\" custom_padding_tablet=\"\" custom_padding_phone=\"||||false|false\" custom_padding_last_edited=\"on|phone\" title_font_size_tablet=\"\" title_font_size_phone=\"\" title_font_size_last_edited=\"on|phone\" global_colors_info=\"{}\"][\/et_pb_fullwidth_header][et_pb_fullwidth_header title=\"Recursos\" disabled_on=\"off|on|on\" admin_label=\"Phone\" _builder_version=\"4.21.0\" title_font=\"Quicksand|700|||||||\" title_text_align=\"center\" title_text_color=\"#ffffff\" title_font_size=\"26px\" custom_margin=\"0px||0px||false|false\" custom_padding=\"0px||0px||false|false\" custom_padding_phone=\"0px||0px||false|false\" custom_padding_last_edited=\"off|desktop\" title_font_size_tablet=\"\" title_font_size_phone=\"26px\" title_font_size_last_edited=\"on|phone\" global_colors_info=\"{}\"][\/et_pb_fullwidth_header][\/et_pb_section][et_pb_section fb_built=\"1\" _builder_version=\"4.21.0\" _module_preset=\"default\" global_colors_info=\"{}\"][et_pb_row column_structure=\"1_3,1_3,1_3\" make_equal=\"on\" _builder_version=\"4.21.0\" _module_preset=\"default\" border_width_all=\"0px\" border_color_all=\"RGBA(255,255,255,0)\" global_colors_info=\"{}\"][et_pb_column type=\"1_3\" _builder_version=\"4.21.0\" _module_preset=\"default\" border_width_all=\"1px\" border_color_all=\"#d8d8d8\" global_colors_info=\"{}\"][et_pb_blurb title=\"Article en text complet de l\u2019avaluaci\u00f3 \u00e8tica de TDApp \" _builder_version=\"4.21.0\" _module_preset=\"default\" header_font_size=\"21px\" custom_margin=\"||0px||false|false\" custom_padding=\"19px|19px|19px|19px|false|false\" link_option_url=\"https:\/\/link.springer.com\/chapter\/10.1007\/978-3-031-34344-5_47 \" link_option_url_new_window=\"on\" custom_css_blurb_title=\"margin-bottom:0%;\" global_colors_info=\"{}\"][\/et_pb_blurb][et_pb_gallery gallery_ids=\"2356\" fullwidth=\"on\" _builder_version=\"4.21.0\" _module_preset=\"default\" link_option_url=\"https:\/\/link.springer.com\/chapter\/10.1007\/978-3-031-34344-5_47 \" link_option_url_new_window=\"on\" global_colors_info=\"{}\"][\/et_pb_gallery][\/et_pb_column][et_pb_column type=\"1_3\" _builder_version=\"4.21.0\" _module_preset=\"default\" border_width_all=\"1px\" border_color_all=\"#d8d8d8\" global_colors_info=\"{}\"][et_pb_blurb title=\"P\u00f2ster de l\u2019avaluaci\u00f3 \u00e8tica de TDApp \" _builder_version=\"4.21.0\" _module_preset=\"default\" header_font_size=\"21px\" custom_margin=\"||0px||false|false\" custom_padding=\"19px|19px|19px|19px|false|false\" link_option_url=\"https:\/\/tdapp.org\/wp-content\/uploads\/2023\/07\/AIME-2023-Poster-final.pdf\" link_option_url_new_window=\"on\" custom_css_blurb_title=\"margin-bottom:0%;\" global_colors_info=\"{}\"][\/et_pb_blurb][et_pb_image src=\"https:\/\/tdapp.org\/wp-content\/uploads\/2023\/07\/TDAPP-presentacio-21st-International-Conference-on-Artificial-Intelligence-in-Medicine-3.jpg\" title_text=\"TDAPP-presentacio-21st-International-Conference-on-Artificial-Intelligence-in-Medicine-3\" url=\"https:\/\/tdapp.org\/wp-content\/uploads\/2023\/07\/AIME-2023-Poster-final.pdf\" url_new_window=\"on\" _builder_version=\"4.21.0\" _module_preset=\"default\" global_colors_info=\"{}\"][\/et_pb_image][\/et_pb_column][et_pb_column type=\"1_3\" _builder_version=\"4.21.0\" _module_preset=\"default\" border_width_all=\"1px\" border_color_all=\"#d8d8d8\" global_colors_info=\"{}\"][et_pb_blurb title=\"Article en text complet de l\u2019estudi de validaci\u00f3 tecnol\u00f2gica de TDApp\" _builder_version=\"4.21.0\" _module_preset=\"default\" header_font_size=\"21px\" custom_margin=\"||0px||false|false\" custom_padding=\"19px|19px|19px|19px|false|false\" link_option_url=\"https:\/\/tdapp.org\/wp-content\/uploads\/2023\/07\/Estudi-validacio-tecnologica-TDApp.pdf\" link_option_url_new_window=\"on\" custom_css_blurb_title=\"margin-bottom:0%;\" global_colors_info=\"{}\"][\/et_pb_blurb][et_pb_image src=\"https:\/\/tdapp.org\/wp-content\/uploads\/2023\/07\/NCBI-TDApp.png\" title_text=\"NCBI-TDApp\" url=\"https:\/\/tdapp.org\/wp-content\/uploads\/2023\/07\/Estudi-validacio-tecnologica-TDApp.pdf\" url_new_window=\"on\" _builder_version=\"4.21.0\" _module_preset=\"default\" global_colors_info=\"{}\"][\/et_pb_image][\/et_pb_column][\/et_pb_row][et_pb_row column_structure=\"1_3,1_3,1_3\" make_equal=\"on\" _builder_version=\"4.21.0\" _module_preset=\"default\" border_width_all=\"0px\" border_color_all=\"RGBA(255,255,255,0)\" global_colors_info=\"{}\"][et_pb_column type=\"1_3\" _builder_version=\"4.21.0\" _module_preset=\"default\" border_width_all=\"1px\" border_color_all=\"#d8d8d8\" global_colors_info=\"{}\"][et_pb_blurb title=\"Base de dades de l\u2019estudi de simulaci\u00f3 emprada en l\u2019estudi de validaci\u00f3 de TDApp\" url=\"https:\/\/caleta.udg.edu\/git\/eXiT_Research_Group\/TDAH_data\" _builder_version=\"4.21.0\" _module_preset=\"default\" header_font_size=\"21px\" custom_margin=\"||0px||false|false\" custom_padding=\"19px|19px|19px|19px|false|false\" link_option_url=\"https:\/\/caleta.udg.edu\/git\/eXiT_Research_Group\/TDAH_data\" link_option_url_new_window=\"on\" custom_css_blurb_title=\"margin-bottom:0%;\" global_colors_info=\"{}\"][\/et_pb_blurb][et_pb_image src=\"https:\/\/tdapp.org\/wp-content\/uploads\/2023\/07\/Basededades.jpg\" title_text=\"Basededades\" url=\"https:\/\/caleta.udg.edu\/git\/eXiT_Research_Group\/TDAH_data\" _builder_version=\"4.21.0\" _module_preset=\"default\" global_colors_info=\"{}\"][\/et_pb_image][\/et_pb_column][et_pb_column type=\"1_3\" _builder_version=\"4.21.0\" _module_preset=\"default\" border_width_all=\"1px\" border_color_all=\"#d8d8d8\" global_colors_info=\"{}\"][et_pb_blurb title=\"Comunicaci\u00f3 al XXXI Congr\u00e9s de la Societat Espanyola de Farmacologia Cl\u00ednica \" _builder_version=\"4.21.0\" _module_preset=\"default\" header_font_size=\"21px\" custom_margin=\"||0px||false|false\" custom_padding=\"19px|19px|19px|19px|false|false\" link_option_url=\"https:\/\/tdapp.org\/wp-content\/uploads\/2023\/07\/Poster-SEFC.pdf\" link_option_url_new_window=\"on\" custom_css_blurb_title=\"margin-bottom:0%;\" global_colors_info=\"{}\"][\/et_pb_blurb][et_pb_image src=\"https:\/\/tdapp.org\/wp-content\/uploads\/2023\/07\/Poster-SEFC.jpg\" title_text=\"Poster-SEFC\" url=\"https:\/\/tdapp.org\/wp-content\/uploads\/2023\/07\/Poster-SEFC.pdf\" url_new_window=\"on\" _builder_version=\"4.21.0\" _module_preset=\"default\" global_colors_info=\"{}\"][\/et_pb_image][\/et_pb_column][et_pb_column type=\"1_3\" _builder_version=\"4.21.0\" _module_preset=\"default\" border_width_all=\"1px\" border_color_all=\"#d8d8d8\" global_colors_info=\"{}\"][\/et_pb_column][\/et_pb_row][\/et_pb_section]<\/p>","_et_gb_content_width":"","footnotes":""},"_links":{"self":[{"href":"https:\/\/tdapp.org\/en\/wp-json\/wp\/v2\/pages\/690"}],"collection":[{"href":"https:\/\/tdapp.org\/en\/wp-json\/wp\/v2\/pages"}],"about":[{"href":"https:\/\/tdapp.org\/en\/wp-json\/wp\/v2\/types\/page"}],"author":[{"embeddable":true,"href":"https:\/\/tdapp.org\/en\/wp-json\/wp\/v2\/users\/2"}],"replies":[{"embeddable":true,"href":"https:\/\/tdapp.org\/en\/wp-json\/wp\/v2\/comments?post=690"}],"version-history":[{"count":21,"href":"https:\/\/tdapp.org\/en\/wp-json\/wp\/v2\/pages\/690\/revisions"}],"predecessor-version":[{"id":691,"href":"https:\/\/tdapp.org\/en\/wp-json\/wp\/v2\/pages\/690\/revisions\/691"}],"wp:attachment":[{"href":"https:\/\/tdapp.org\/en\/wp-json\/wp\/v2\/media?parent=690"}],"curies":[{"name":"wp","href":"https:\/\/api.w.org\/{rel}","templated":true}]}}