{"id":428,"date":"2021-05-19T18:59:34","date_gmt":"2021-05-19T18:59:34","guid":{"rendered":"https:\/\/tdapp.org\/en\/legal-notice-and-data-protection\/"},"modified":"2021-05-19T19:10:51","modified_gmt":"2021-05-19T19:10:51","slug":"legal-notice-and-data-protection","status":"publish","type":"page","link":"https:\/\/tdapp.org\/en\/legal-notice-and-data-protection\/","title":{"rendered":"Legal notice and data protection"},"content":{"rendered":"[et_pb_section fb_built=&#8221;1&#8243; fullwidth=&#8221;on&#8221; next_background_color=&#8221;#ffffff&#8221; _builder_version=&#8221;3.26.3&#8243; background_color=&#8221;#471473&#8243; bottom_divider_style=&#8221;curve&#8221; bottom_divider_height=&#8221;30px&#8221; collapsed=&#8221;off&#8221;][et_pb_fullwidth_post_title meta=&#8221;off&#8221; featured_image=&#8221;off&#8221; _builder_version=&#8221;3.26.3&#8243; title_font=&#8221;Quicksand|700|||||||&#8221; title_text_align=&#8221;center&#8221; title_text_color=&#8221;#ffffff&#8221; title_font_size=&#8221;36px&#8221; custom_padding=&#8221;30px||20px||false|false&#8221; title_font_size_tablet=&#8221;&#8221; title_font_size_phone=&#8221;26px&#8221; title_font_size_last_edited=&#8221;on|phone&#8221;][\/et_pb_fullwidth_post_title][\/et_pb_section][et_pb_section fb_built=&#8221;1&#8243; _builder_version=&#8221;3.22&#8243;][et_pb_row _builder_version=&#8221;3.25&#8243; background_size=&#8221;initial&#8221; background_position=&#8221;top_left&#8221; background_repeat=&#8221;repeat&#8221;][et_pb_column type=&#8221;4_4&#8243; _builder_version=&#8221;3.0.47&#8243; custom_padding=&#8221;|||&#8221; custom_padding__hover=&#8221;|||&#8221;][et_pb_text _builder_version=&#8221;3.27.4&#8243; z_index_tablet=&#8221;500&#8243; text_text_shadow_horizontal_length_tablet=&#8221;0px&#8221; text_text_shadow_vertical_length_tablet=&#8221;0px&#8221; text_text_shadow_blur_strength_tablet=&#8221;1px&#8221; link_text_shadow_horizontal_length_tablet=&#8221;0px&#8221; link_text_shadow_vertical_length_tablet=&#8221;0px&#8221; link_text_shadow_blur_strength_tablet=&#8221;1px&#8221; ul_text_shadow_horizontal_length_tablet=&#8221;0px&#8221; ul_text_shadow_vertical_length_tablet=&#8221;0px&#8221; ul_text_shadow_blur_strength_tablet=&#8221;1px&#8221; ol_text_shadow_horizontal_length_tablet=&#8221;0px&#8221; ol_text_shadow_vertical_length_tablet=&#8221;0px&#8221; ol_text_shadow_blur_strength_tablet=&#8221;1px&#8221; quote_text_shadow_horizontal_length_tablet=&#8221;0px&#8221; quote_text_shadow_vertical_length_tablet=&#8221;0px&#8221; quote_text_shadow_blur_strength_tablet=&#8221;1px&#8221; header_text_shadow_horizontal_length_tablet=&#8221;0px&#8221; header_text_shadow_vertical_length_tablet=&#8221;0px&#8221; header_text_shadow_blur_strength_tablet=&#8221;1px&#8221; header_2_text_shadow_horizontal_length_tablet=&#8221;0px&#8221; header_2_text_shadow_vertical_length_tablet=&#8221;0px&#8221; header_2_text_shadow_blur_strength_tablet=&#8221;1px&#8221; header_3_text_shadow_horizontal_length_tablet=&#8221;0px&#8221; header_3_text_shadow_vertical_length_tablet=&#8221;0px&#8221; header_3_text_shadow_blur_strength_tablet=&#8221;1px&#8221; header_4_text_shadow_horizontal_length_tablet=&#8221;0px&#8221; header_4_text_shadow_vertical_length_tablet=&#8221;0px&#8221; header_4_text_shadow_blur_strength_tablet=&#8221;1px&#8221; header_5_text_shadow_horizontal_length_tablet=&#8221;0px&#8221; header_5_text_shadow_vertical_length_tablet=&#8221;0px&#8221; header_5_text_shadow_blur_strength_tablet=&#8221;1px&#8221; header_6_text_shadow_horizontal_length_tablet=&#8221;0px&#8221; header_6_text_shadow_vertical_length_tablet=&#8221;0px&#8221; header_6_text_shadow_blur_strength_tablet=&#8221;1px&#8221; box_shadow_horizontal_tablet=&#8221;0px&#8221; box_shadow_vertical_tablet=&#8221;0px&#8221; box_shadow_blur_tablet=&#8221;40px&#8221; box_shadow_spread_tablet=&#8221;0px&#8221;]Aquest lloc web correspon a la Universitat de Girona, amb domicili a la pla\u00e7a de Sant Dom\u00e8nec 3, 17004 Girona, tel. +34 972 41 80 00, CIF Q6750002E.<\/p>\n<p>El lloc web i els seus continguts, incloent-hi els textos, imatges, gr\u00e0fics, bases de dades i qualsevol altre material, es posen a disposici\u00f3 p\u00fablica amb finalitats d\u2019informaci\u00f3 i per oferir serveis en el marc de les funcions pr\u00f2pies de la Universitat de Girona. Existeixen drets de propietat intel\u00b7lectual sobre aquests continguts, que corresponen o b\u00e9 a la Universitat de Girona o b\u00e9 a terceres persones que n\u2019han autoritzat la utilitzaci\u00f3 per aquest mitj\u00e0.<\/p>\n<p>En general, i llevat que s\u2019indiqui de forma expressa per a casos singulars, els continguts d\u2019aquest lloc estan subjectes a una llic\u00e8ncia de Reconeixement-NoComercial-SenseObraDerivada 4.0 Internacional de\u00a0<a href=\"https:\/\/creativecommons.org\/choose\/?lang=ca\" target=\"_blank\" rel=\"noopener noreferrer\">Creative Commons<\/a>, un resum en catal\u00e0 de la qual es pot llegir a\u00a0<a href=\"https:\/\/creativecommons.org\/licenses\/by-nc-nd\/4.0\/deed.ca\">https:\/\/creativecommons.org\/licenses\/by-nc-nd\/4.0\/deed.ca<\/a><\/p>\n<p>El text complet es troba disponible a\u00a0<a href=\"https:\/\/creativecommons.org\/licenses\/by-nc-nd\/4.0\/legalcode\">https:\/\/creativecommons.org\/licenses\/by-nc-nd\/4.0\/legalcode<\/a>\u00a0Aquesta llic\u00e8ncia autoritza la reproducci\u00f3 i comunicaci\u00f3 p\u00fablica dels continguts sempre que se citi els autors i la font (Universitat de Girona) i no autoritza usos comercials dels continguts del lloc ni fer-ne obres derivades.<\/p>\n<p>La Universitat de Girona es reserva el dret a iniciar les accions legals oportunes per reparar els danys i els perjudicis causats per qualsevol acte que vulneri els drets de propietat intel\u00b7lectual.<\/p>\n<p>La Universitat de Girona presenta per mitj\u00e0 d\u2019aquest lloc els dissenys i logotips que la identifiquen. Poden ser utilitzats \u00fanicament per identificar activitats o iniciatives pr\u00f2pies de la Universitat o d\u2019altres persones o institucions quan aquestes iniciatives o activitats tinguin el suport expl\u00edcit o la participaci\u00f3 de la Universitat.<\/p>\n<p>Alguns dels signes distintius de la Universitat de Girona presents en el lloc web s\u00f3n marques registrades. En conseq\u00fc\u00e8ncia, la seva utilitzaci\u00f3 fora dels casos autoritzats per la Universitat obligaria a iniciar les accions legals oportunes.<\/p>\n<p>La informaci\u00f3 administrativa facilitada per mitj\u00e0 d&#8217;aquest web no substitueix la publicaci\u00f3 preceptiva de determinades informacions, disposicions i normatives en les publicacions oficials que correspongui, que \u00e9s l\u2019\u00fanica que t\u00e9 validesa i efectes administratius i legals.<\/p>\n<p>La Universitat de Girona, en compliment de la normativa sobre protecci\u00f3 de dades de car\u00e0cter personal, garanteix la confidencialitat de les dades que es puguin obtenir per mitj\u00e0 d\u2019aquest lloc web, aix\u00ed com la implementaci\u00f3 de les mesures t\u00e8cniques i organitzatives que en garanteixin la seguretat. Quan sigui exigible legalment, les comunicacions i transaccions que faci l&#8217;usuari del web es duran a terme mitjan\u00e7ant un sistema de comunicaci\u00f3 &#8220;d\u2019entorn segur&#8221;. L&#8217;usuari pot comprovar en qualsevol moment si es troba en un entorn segur verificant l&#8217;exist\u00e8ncia d&#8217;un cadenat tancat que apareixer\u00e0 a la part inferior dreta de la pantalla.<\/p>\n<p>La Universitat de Girona ent\u00e9n que, en el moment d\u2019emplenar els formularis que figuren al lloc, l&#8217;usuari es considera suficientment informat de les finalitats de la recollida de les seves dades personals i del tractament que se\u2019n derivar\u00e0. Llevat d\u2019indicaci\u00f3 expressa en sentit contrari, aquestes dades s\u2019integraran als fitxers de la Universitat de Girona per al seu tractament amb les finalitats que s\u2019indiquin en cada cas. Els interessats podran exercir els seus drets d\u2019acc\u00e9s, rectificaci\u00f3, oposici\u00f3 i cancel\u00b7laci\u00f3 adre\u00e7ant-se a la Secretaria General de la Universitat (<a href=\"mailto:secretari.general@udg.edu\">secretari.general@udg.edu<\/a>).<\/p>\n<p>La Universitat de Girona informa que aquest lloc web utilitza galetes\u00a0<em>(cookies)<\/em>\u00a0en alguns processos interns de funcionament. Aquestes galetes permeten controlar les dades de navegaci\u00f3 de l&#8217;usuari a fi de fer m\u00e9s c\u00f2moda i r\u00e0pida la comunicaci\u00f3 que s\u2019estableix entre ell i el lloc web. La vig\u00e8ncia d\u2019aquestes galetes ser\u00e0 l\u2019estrictament necess\u00e0ria per a la prestaci\u00f3 dels serveis que s\u2019ofereixen des del lloc web. En cap cas no s\u2019utilitzen galetes per adquirir dades personals identificatives de l\u2019usuari. L\u2019usuari t\u00e9 la possibilitat de configurar el seu navegador d&#8217;Internet per obtenir un millor coneixement i control de les galetes, per ser advertit abans de la seva instal\u00b7laci\u00f3 i per impedir-la si \u00e9s la seva voluntat, tot i que aquesta decisi\u00f3 pot comportar una p\u00e8rdua de funcionalitat i operativitat del web.<\/p>\n<p>La Universitat de Girona no pot garantir de manera absoluta que el web i el servidor estiguin lliures de virus i no es fa responsable dels possibles danys o perjudicis que es puguin derivar d\u2019interfer\u00e8ncies, omissions, interrupcions, virus inform\u00e0tics, sobrec\u00e0rrega de les l\u00ednies, avaries o desconnexions. Tampoc no se\u2019n fa dels danys que puguin ser causats per terceres persones mitjan\u00e7ant intromissions il\u00b7leg\u00edtimes fora del control de la Universitat. Quan sigui raonablement possible, advertir\u00e0 pr\u00e8viament de les interrupcions en el funcionament del web i dels serveis que hi estan associats.<\/p>\n<p>La Universitat de Girona es reserva el dret a modificar unilateralment, en qualsevol moment i sense av\u00eds previ, la presentaci\u00f3, la configuraci\u00f3 i els continguts del web, aix\u00ed com l&#8217;oferta de serveis i les condicions que es requereixen per utilitzar-lo.<\/p>\n<p>La Universitat de Girona no es fa responsable del contingut, exactitud i actualitzaci\u00f3 de la informaci\u00f3 que prov\u00e9 d&#8217;altres persones f\u00edsiques o jur\u00eddiques i que consti al lloc web o a la que es remeti per mitj\u00e0 d&#8217;enlla\u00e7os o d\u2019altres sistemes.<\/p>\n<p>No s\u2019autoritzen presentacions dels continguts d\u2019aquest lloc web en una finestra aliena (<em>framing<\/em>) sense l\u2019autoritzaci\u00f3 expressa i per escrit de la Universitat, llevat d\u2019aquells que s\u2019ofereixen expl\u00edcitament per sindicar.<\/p>\n<p>Els possibles conflictes relatius a la utilitzaci\u00f3 d\u2019aquest web es regiran exclusivament pel dret de l&#8217;Estat espanyol i de Catalunya, sent els jutjats de la ciutat de Girona els \u00fanics competents. Tota persona usu\u00e0ria del web, independentment de la jurisdicci\u00f3 territorial des de la qual hi accedeixi, accepta el compliment i respecte d&#8217;aquesta cl\u00e0usula, amb ren\u00fancia expressa a qualsevol altre fur.<br \/>\n[\/et_pb_text][\/et_pb_column][\/et_pb_row][\/et_pb_section]\n","protected":false},"excerpt":{"rendered":"<p>Aquest lloc web correspon a la Universitat de Girona, amb domicili a la pla\u00e7a de Sant Dom\u00e8nec 3, 17004 Girona, tel. +34 972 41 80 00, CIF Q6750002E. El lloc web i els seus continguts, incloent-hi els textos, imatges, gr\u00e0fics, bases de dades i qualsevol altre material, es posen a disposici\u00f3 p\u00fablica amb finalitats d\u2019informaci\u00f3 [&hellip;]<\/p>\n","protected":false},"author":2,"featured_media":0,"parent":0,"menu_order":0,"comment_status":"closed","ping_status":"closed","template":"","meta":{"_et_pb_use_builder":"on","_et_pb_old_content":"<p>[et_pb_section fb_built=\"1\" fullwidth=\"on\" _builder_version=\"3.26.3\" background_color=\"#471473\" bottom_divider_style=\"curve\" bottom_divider_height=\"30px\" collapsed=\"off\" next_background_color=\"#ffffff\"][et_pb_fullwidth_post_title meta=\"off\" featured_image=\"off\" _builder_version=\"3.26.3\" title_font=\"Quicksand|700|||||||\" title_text_align=\"center\" title_text_color=\"#ffffff\" title_font_size=\"36px\" custom_padding=\"30px||20px||false|false\" title_font_size_tablet=\"\" title_font_size_phone=\"26px\" title_font_size_last_edited=\"on|phone\"]<br \/>[\/et_pb_fullwidth_post_title][\/et_pb_section][et_pb_section fb_built=\"1\" _builder_version=\"3.22\"][et_pb_row _builder_version=\"3.25\" background_size=\"initial\" background_position=\"top_left\" background_repeat=\"repeat\"][et_pb_column type=\"4_4\" _builder_version=\"3.0.47\" custom_padding=\"|||\" custom_padding__hover=\"|||\"][et_pb_text _builder_version=\"3.27.4\" z_index_tablet=\"500\" text_text_shadow_horizontal_length_tablet=\"0px\" text_text_shadow_vertical_length_tablet=\"0px\" text_text_shadow_blur_strength_tablet=\"1px\" link_text_shadow_horizontal_length_tablet=\"0px\" link_text_shadow_vertical_length_tablet=\"0px\" link_text_shadow_blur_strength_tablet=\"1px\" ul_text_shadow_horizontal_length_tablet=\"0px\" ul_text_shadow_vertical_length_tablet=\"0px\" ul_text_shadow_blur_strength_tablet=\"1px\" ol_text_shadow_horizontal_length_tablet=\"0px\" ol_text_shadow_vertical_length_tablet=\"0px\" ol_text_shadow_blur_strength_tablet=\"1px\" quote_text_shadow_horizontal_length_tablet=\"0px\" quote_text_shadow_vertical_length_tablet=\"0px\" quote_text_shadow_blur_strength_tablet=\"1px\" header_text_shadow_horizontal_length_tablet=\"0px\" header_text_shadow_vertical_length_tablet=\"0px\" header_text_shadow_blur_strength_tablet=\"1px\" header_2_text_shadow_horizontal_length_tablet=\"0px\" header_2_text_shadow_vertical_length_tablet=\"0px\" header_2_text_shadow_blur_strength_tablet=\"1px\" header_3_text_shadow_horizontal_length_tablet=\"0px\" header_3_text_shadow_vertical_length_tablet=\"0px\" header_3_text_shadow_blur_strength_tablet=\"1px\" header_4_text_shadow_horizontal_length_tablet=\"0px\" header_4_text_shadow_vertical_length_tablet=\"0px\" header_4_text_shadow_blur_strength_tablet=\"1px\" header_5_text_shadow_horizontal_length_tablet=\"0px\" header_5_text_shadow_vertical_length_tablet=\"0px\" header_5_text_shadow_blur_strength_tablet=\"1px\" header_6_text_shadow_horizontal_length_tablet=\"0px\" header_6_text_shadow_vertical_length_tablet=\"0px\" header_6_text_shadow_blur_strength_tablet=\"1px\" box_shadow_horizontal_tablet=\"0px\" box_shadow_vertical_tablet=\"0px\" box_shadow_blur_tablet=\"40px\" box_shadow_spread_tablet=\"0px\"]<\/p><p>Aquest lloc web correspon a la Universitat de Girona, amb domicili a la pla\u00e7a de Sant Dom\u00e8nec 3, 17004 Girona, tel. +34 972 41 80 00, CIF Q6750002E.\u00a0\u00a0<\/p><p>El lloc web i els seus continguts, incloent-hi els textos, imatges, gr\u00e0fics, bases de dades i qualsevol altre material, es posen a disposici\u00f3 p\u00fablica amb finalitats d\u2019informaci\u00f3 i per oferir serveis en el marc de les funcions pr\u00f2pies de la Universitat de Girona. Existeixen drets de propietat intel\u00b7lectual sobre aquests continguts, que corresponen o b\u00e9 a la Universitat de Girona o b\u00e9 a terceres persones que n\u2019han autoritzat la utilitzaci\u00f3 per aquest mitj\u00e0.<\/p><p>En general, i llevat que s\u2019indiqui de forma expressa per a casos singulars, els continguts d\u2019aquest lloc estan subjectes a una llic\u00e8ncia de Reconeixement-NoComercial-SenseObraDerivada 4.0 Internacional de\u00a0<a href=\"https:\/\/creativecommons.org\/choose\/?lang=ca\" target=\"_blank\" rel=\"noopener noreferrer\">Creative Commons<\/a>, un resum en catal\u00e0 de la qual es pot llegir a\u00a0<a href=\"https:\/\/creativecommons.org\/licenses\/by-nc-nd\/4.0\/deed.ca\">https:\/\/creativecommons.org\/licenses\/by-nc-nd\/4.0\/deed.ca<\/a><\/p><p>El text complet es troba disponible a\u00a0<a href=\"https:\/\/creativecommons.org\/licenses\/by-nc-nd\/4.0\/legalcode\">https:\/\/creativecommons.org\/licenses\/by-nc-nd\/4.0\/legalcode<\/a>\u00a0Aquesta llic\u00e8ncia autoritza la reproducci\u00f3 i comunicaci\u00f3 p\u00fablica dels continguts sempre que se citi els autors i la font (Universitat de Girona) i no autoritza usos comercials dels continguts del lloc ni fer-ne obres derivades.<\/p><p>La Universitat de Girona es reserva el dret a iniciar les accions legals oportunes per reparar els danys i els perjudicis causats per qualsevol acte que vulneri els drets de propietat intel\u00b7lectual.<\/p><p>La Universitat de Girona presenta per mitj\u00e0 d\u2019aquest lloc els dissenys i logotips que la identifiquen. Poden ser utilitzats \u00fanicament per identificar activitats o iniciatives pr\u00f2pies de la Universitat o d\u2019altres persones o institucions quan aquestes iniciatives o activitats tinguin el suport expl\u00edcit o la participaci\u00f3 de la Universitat.<\/p><p>Alguns dels signes distintius de la Universitat de Girona presents en el lloc web s\u00f3n marques registrades. En conseq\u00fc\u00e8ncia, la seva utilitzaci\u00f3 fora dels casos autoritzats per la Universitat obligaria a iniciar les accions legals oportunes.<\/p><p>La informaci\u00f3 administrativa facilitada per mitj\u00e0 d'aquest web no substitueix la publicaci\u00f3 preceptiva de determinades informacions, disposicions i normatives en les publicacions oficials que correspongui, que \u00e9s l\u2019\u00fanica que t\u00e9 validesa i efectes administratius i legals.<\/p><p>La Universitat de Girona, en compliment de la normativa sobre protecci\u00f3 de dades de car\u00e0cter personal, garanteix la confidencialitat de les dades que es puguin obtenir per mitj\u00e0 d\u2019aquest lloc web, aix\u00ed com la implementaci\u00f3 de les mesures t\u00e8cniques i organitzatives que en garanteixin la seguretat. Quan sigui exigible legalment, les comunicacions i transaccions que faci l'usuari del web es duran a terme mitjan\u00e7ant un sistema de comunicaci\u00f3 \"d\u2019entorn segur\". L'usuari pot comprovar en qualsevol moment si es troba en un entorn segur verificant l'exist\u00e8ncia d'un cadenat tancat que apareixer\u00e0 a la part inferior dreta de la pantalla.<\/p><p>La Universitat de Girona ent\u00e9n que, en el moment d\u2019emplenar els formularis que figuren al lloc, l'usuari es considera suficientment informat de les finalitats de la recollida de les seves dades personals i del tractament que se\u2019n derivar\u00e0. Llevat d\u2019indicaci\u00f3 expressa en sentit contrari, aquestes dades s\u2019integraran als fitxers de la Universitat de Girona per al seu tractament amb les finalitats que s\u2019indiquin en cada cas. Els interessats podran exercir els seus drets d\u2019acc\u00e9s, rectificaci\u00f3, oposici\u00f3 i cancel\u00b7laci\u00f3 adre\u00e7ant-se a la Secretaria General de la Universitat (<a href=\"mailto:secretari.general@udg.edu\">secretari.general@udg.edu<\/a>).<\/p><p>La Universitat de Girona informa que aquest lloc web utilitza galetes\u00a0<em>(cookies)<\/em>\u00a0en alguns processos interns de funcionament. Aquestes galetes permeten controlar les dades de navegaci\u00f3 de l'usuari a fi de fer m\u00e9s c\u00f2moda i r\u00e0pida la comunicaci\u00f3 que s\u2019estableix entre ell i el lloc web. La vig\u00e8ncia d\u2019aquestes galetes ser\u00e0 l\u2019estrictament necess\u00e0ria per a la prestaci\u00f3 dels serveis que s\u2019ofereixen des del lloc web. En cap cas no s\u2019utilitzen galetes per adquirir dades personals identificatives de l\u2019usuari. L\u2019usuari t\u00e9 la possibilitat de configurar el seu navegador d'Internet per obtenir un millor coneixement i control de les galetes, per ser advertit abans de la seva instal\u00b7laci\u00f3 i per impedir-la si \u00e9s la seva voluntat, tot i que aquesta decisi\u00f3 pot comportar una p\u00e8rdua de funcionalitat i operativitat del web.<\/p><p>La Universitat de Girona no pot garantir de manera absoluta que el web i el servidor estiguin lliures de virus i no es fa responsable dels possibles danys o perjudicis que es puguin derivar d\u2019interfer\u00e8ncies, omissions, interrupcions, virus inform\u00e0tics, sobrec\u00e0rrega de les l\u00ednies, avaries o desconnexions. Tampoc no se\u2019n fa dels danys que puguin ser causats per terceres persones mitjan\u00e7ant intromissions il\u00b7leg\u00edtimes fora del control de la Universitat. Quan sigui raonablement possible, advertir\u00e0 pr\u00e8viament de les interrupcions en el funcionament del web i dels serveis que hi estan associats.<\/p><p>La Universitat de Girona es reserva el dret a modificar unilateralment, en qualsevol moment i sense av\u00eds previ, la presentaci\u00f3, la configuraci\u00f3 i els continguts del web, aix\u00ed com l'oferta de serveis i les condicions que es requereixen per utilitzar-lo.<\/p><p>La Universitat de Girona no es fa responsable del contingut, exactitud i actualitzaci\u00f3 de la informaci\u00f3 que prov\u00e9 d'altres persones f\u00edsiques o jur\u00eddiques i que consti al lloc web o a la que es remeti per mitj\u00e0 d'enlla\u00e7os o d\u2019altres sistemes.<\/p><p>No s\u2019autoritzen presentacions dels continguts d\u2019aquest lloc web en una finestra aliena (<em>framing<\/em>) sense l\u2019autoritzaci\u00f3 expressa i per escrit de la Universitat, llevat d\u2019aquells que s\u2019ofereixen expl\u00edcitament per sindicar.<\/p><p>Els possibles conflictes relatius a la utilitzaci\u00f3 d\u2019aquest web es regiran exclusivament pel dret de l'Estat espanyol i de Catalunya, sent els jutjats de la ciutat de Girona els \u00fanics competents. Tota persona usu\u00e0ria del web, independentment de la jurisdicci\u00f3 territorial des de la qual hi accedeixi, accepta el compliment i respecte d'aquesta cl\u00e0usula, amb ren\u00fancia expressa a qualsevol altre fur.<\/p><p>[\/et_pb_text][\/et_pb_column][\/et_pb_row][\/et_pb_section]<\/p>","_et_gb_content_width":"","footnotes":""},"_links":{"self":[{"href":"https:\/\/tdapp.org\/en\/wp-json\/wp\/v2\/pages\/428"}],"collection":[{"href":"https:\/\/tdapp.org\/en\/wp-json\/wp\/v2\/pages"}],"about":[{"href":"https:\/\/tdapp.org\/en\/wp-json\/wp\/v2\/types\/page"}],"author":[{"embeddable":true,"href":"https:\/\/tdapp.org\/en\/wp-json\/wp\/v2\/users\/2"}],"replies":[{"embeddable":true,"href":"https:\/\/tdapp.org\/en\/wp-json\/wp\/v2\/comments?post=428"}],"version-history":[{"count":2,"href":"https:\/\/tdapp.org\/en\/wp-json\/wp\/v2\/pages\/428\/revisions"}],"predecessor-version":[{"id":441,"href":"https:\/\/tdapp.org\/en\/wp-json\/wp\/v2\/pages\/428\/revisions\/441"}],"wp:attachment":[{"href":"https:\/\/tdapp.org\/en\/wp-json\/wp\/v2\/media?parent=428"}],"curies":[{"name":"wp","href":"https:\/\/api.w.org\/{rel}","templated":true}]}}