{"id":126,"date":"2021-05-19T14:39:33","date_gmt":"2021-05-19T14:39:33","guid":{"rendered":"https:\/\/tdapp.org\/en\/therapeutic-objectives\/"},"modified":"2021-05-19T17:25:58","modified_gmt":"2021-05-19T17:25:58","slug":"therapeutic-objectives","status":"publish","type":"page","link":"https:\/\/tdapp.org\/en\/therapeutic-objectives\/","title":{"rendered":"THERAPEUTIC OBJECTIVES"},"content":{"rendered":"[et_pb_section fb_built=&#8221;1&#8243; fullwidth=&#8221;on&#8221; _builder_version=&#8221;4.4.7&#8243; background_color=&#8221;#471473&#8243; bottom_divider_style=&#8221;curve&#8221; bottom_divider_color=&#8221;#ffffff&#8221; bottom_divider_height=&#8221;30px&#8221; global_module=&#8221;79&#8243; saved_tabs=&#8221;all&#8221; locked=&#8221;off&#8221;][et_pb_fullwidth_header title=&#8221;For patients&#8221; disabled_on=&#8221;on|off|off&#8221; admin_label=&#8221;Desktop \/ Tablet&#8221; _builder_version=&#8221;4.4.7&#8243; title_font=&#8221;Quicksand|700|||||||&#8221; title_text_align=&#8221;center&#8221; title_text_color=&#8221;#ffffff&#8221; title_font_size=&#8221;36px&#8221; custom_padding=&#8221;15px||15px||false|false&#8221; custom_padding_tablet=&#8221;&#8221; custom_padding_phone=&#8221;||||false|false&#8221; custom_padding_last_edited=&#8221;on|phone&#8221; title_font_size_tablet=&#8221;&#8221; title_font_size_phone=&#8221;&#8221; title_font_size_last_edited=&#8221;on|phone&#8221;][\/et_pb_fullwidth_header][et_pb_fullwidth_header title=&#8221;For patients&#8221; disabled_on=&#8221;off|on|on&#8221; admin_label=&#8221;Phone&#8221; _builder_version=&#8221;4.4.7&#8243; title_font=&#8221;Quicksand|700|||||||&#8221; title_text_align=&#8221;center&#8221; title_text_color=&#8221;#ffffff&#8221; title_font_size=&#8221;26px&#8221; custom_margin=&#8221;0px||0px||false|false&#8221; custom_padding=&#8221;0px||0px||false|false&#8221; custom_padding_phone=&#8221;0px||0px||false|false&#8221; custom_padding_last_edited=&#8221;off|desktop&#8221; title_font_size_tablet=&#8221;&#8221; title_font_size_phone=&#8221;26px&#8221; title_font_size_last_edited=&#8221;on|phone&#8221;][\/et_pb_fullwidth_header][\/et_pb_section][et_pb_section fb_built=&#8221;1&#8243; specialty=&#8221;on&#8221; _builder_version=&#8221;3.26.3&#8243; width=&#8221;100%&#8221; max_width=&#8221;100%&#8221; inner_module_alignment=&#8221;center&#8221; custom_padding=&#8221;30px|||||&#8221; locked=&#8221;off&#8221;][et_pb_column type=&#8221;1_4&#8243; _builder_version=&#8221;3.25&#8243; custom_padding=&#8221;|||&#8221; custom_padding__hover=&#8221;|||&#8221;][et_pb_sidebar area=&#8221;sidebar-1&#8243; show_border=&#8221;off&#8221; _builder_version=&#8221;4.4.7&#8243; header_text_color=&#8221;#582d80&#8243; header_font_size=&#8221;22px&#8221; body_font=&#8221;|600|||||||&#8221; body_text_color=&#8221;#471473&#8243; body_font_size=&#8221;16px&#8221; body_line_height=&#8221;1.4em&#8221; text_orientation=&#8221;left&#8221; global_module=&#8221;46&#8243; saved_tabs=&#8221;all&#8221; locked=&#8221;off&#8221;][\/et_pb_sidebar][\/et_pb_column][et_pb_column type=&#8221;3_4&#8243; specialty_columns=&#8221;3&#8243; _builder_version=&#8221;3.25&#8243; custom_padding=&#8221;|||&#8221; custom_padding__hover=&#8221;|||&#8221;][et_pb_row_inner column_structure=&#8221;undefined&#8221; _builder_version=&#8221;3.26.3&#8243;][et_pb_column_inner type=&#8221;undefined&#8221; saved_specialty_column_type=&#8221;3_4&#8243; _builder_version=&#8221;3.26.3&#8243;][et_pb_post_title meta=&#8221;off&#8221; featured_image=&#8221;off&#8221; _builder_version=&#8221;3.26.3&#8243;][\/et_pb_post_title][et_pb_text _builder_version=&#8221;4.4.7&#8243; text_font=&#8221;|700|||||||&#8221; text_text_color=&#8221;#666666&#8243;]Els objectius terap\u00e8utics s\u00f3n als aspectes relacionats amb el TDAH que vost\u00e8 vol millorar o prevenir amb el tractament. Hem incl\u00f2s diversos objectius terap\u00e8utics. Vost\u00e8 haur\u00e0 d\u2019indicar-nos la import\u00e0ncia que li dona a cada un d\u2019aquests objectius. TDApp li proporcionar\u00e0 informaci\u00f3 per ajudar-lo a determinar la seva import\u00e0ncia.<br \/>\n[\/et_pb_text][\/et_pb_column_inner][\/et_pb_row_inner][\/et_pb_column][\/et_pb_section][et_pb_section fb_built=&#8221;1&#8243; admin_label=&#8221;EN-MODUL ACCES AL FORMULARI&#8221; _builder_version=&#8221;4.4.7&#8243; background_color=&#8221;#f78d13&#8243; custom_padding=&#8221;70px||36px|||&#8221; top_divider_style=&#8221;curve&#8221; top_divider_color=&#8221;#ffffff&#8221; top_divider_height=&#8221;30px&#8221; bottom_divider_color=&#8221;#ffffff&#8221; bottom_divider_height=&#8221;30px&#8221; bottom_divider_flip=&#8221;vertical&#8221; global_module=&#8221;34&#8243; saved_tabs=&#8221;all&#8221; locked=&#8221;off&#8221; collapsed=&#8221;on&#8221;][et_pb_row column_structure=&#8221;1_5,3_5,1_5&#8243; use_custom_gutter=&#8221;on&#8221; gutter_width=&#8221;1&#8243; disabled_on=&#8221;on|off|off&#8221; admin_label=&#8221;desktop \/ tablet&#8221; _builder_version=&#8221;3.26.2&#8243; width=&#8221;100%&#8221; custom_margin=&#8221;0px||0px||false|false&#8221; custom_padding=&#8221;0px||0px||false|false&#8221; link_option_url=&#8221;\/formulari-tdapp\/&#8221; custom_css_main_element=&#8221;display: flex;||align-items: center;&#8221;][et_pb_column type=&#8221;1_5&#8243; _builder_version=&#8221;3.26.3&#8243;][et_pb_image src=&#8221;https:\/\/tdapp.org\/wp-content\/uploads\/2019\/07\/TDApp-icon-formulari-1.png&#8221; align=&#8221;center&#8221; _builder_version=&#8221;3.26.3&#8243;][\/et_pb_image][\/et_pb_column][et_pb_column type=&#8221;3_5&#8243; _builder_version=&#8221;3.26.3&#8243;][et_pb_cta title=&#8221;Acc\u00e9s al Formulari TDApp per a Pacients&#8221; admin_label=&#8221;Call To Action&#8221; _builder_version=&#8221;3.26.2&#8243; header_font=&#8221;|700|||||||&#8221; header_font_size=&#8221;30px&#8221; body_font=&#8221;|600|||||||&#8221; body_text_color=&#8221;#000000&#8243; body_font_size=&#8221;18px&#8221; background_color=&#8221;rgba(0,0,0,0)&#8221; text_orientation=&#8221;left&#8221; min_height=&#8221;138px&#8221; custom_padding=&#8221;15px||0px|0px||&#8221;]TDApp ajuda a les persones amb TDAH o als seus familiars a participar en la presa de decisions que afecten al tractament del TDAH. <strong>Trieu les vostres prefer\u00e8ncies pel que fa als objectius que vulgueu aconseguir.<\/strong>[\/et_pb_cta][\/et_pb_column][et_pb_column type=&#8221;1_5&#8243; _builder_version=&#8221;3.26.3&#8243;][et_pb_image src=&#8221;https:\/\/tdapp.org\/wp-content\/uploads\/2019\/07\/Fletxa-dreta.png&#8221; url=&#8221;https:\/\/tdapp.org\/formulari-tdapp\/&#8221; align=&#8221;center&#8221; _builder_version=&#8221;3.26.3&#8243; custom_css_after__hover_enabled=&#8221;on&#8221;][\/et_pb_image][\/et_pb_column][\/et_pb_row][et_pb_row use_custom_gutter=&#8221;on&#8221; gutter_width=&#8221;1&#8243; disabled_on=&#8221;off|on|on&#8221; admin_label=&#8221;phone&#8221; _builder_version=&#8221;3.26.3&#8243; width=&#8221;100%&#8221; custom_margin=&#8221;0px||0px||false|false&#8221; custom_padding=&#8221;0px||0px||false|false&#8221; link_option_url=&#8221;https:\/\/tdapp.org\/formulari-tdapp\/&#8221;][et_pb_column type=&#8221;4_4&#8243; _builder_version=&#8221;3.26.3&#8243;][et_pb_image src=&#8221;https:\/\/tdapp.org\/wp-content\/uploads\/2019\/07\/TDApp-icon-formulari-1.png&#8221; align=&#8221;center&#8221; _builder_version=&#8221;3.26.3&#8243; max_width=&#8221;100px&#8221; module_alignment=&#8221;center&#8221;][\/et_pb_image][et_pb_cta title=&#8221;Acc\u00e9s al Formulari TDApp per a Pacients&#8221; button_url=&#8221;\/formulari-tdapp\/&#8221; button_text=&#8221;Accedir&#8221; _builder_version=&#8221;3.26.2&#8243; header_font=&#8221;|700|||||||&#8221; header_font_size=&#8221;30px&#8221; body_font=&#8221;|600|||||||&#8221; body_text_color=&#8221;#000000&#8243; body_font_size=&#8221;18px&#8221; background_color=&#8221;rgba(0,0,0,0)&#8221; custom_button=&#8221;on&#8221; button_text_color=&#8221;#333333&#8243; button_border_color=&#8221;#333333&#8243; button_icon_color=&#8221;#ffffff&#8221; custom_padding=&#8221;15px||0px||false|false&#8221; button_border_color__hover_enabled=&#8221;on&#8221; button_border_color__hover=&#8221;#ffffff&#8221; button_bg_color__hover_enabled=&#8221;on&#8221; button_bg_color__hover=&#8221;#ffffff&#8221; button_bg_enable_color__hover=&#8221;on&#8221; button_text_color__hover_enabled=&#8221;on&#8221; button_text_color__hover=&#8221;#f78d13&#8243;]TDApp ajuda a les persones amb TDAH o als seus familiars a participar en la presa de decisions que afecten al tractament del TDAH. <strong>Trieu les vostres prefer\u00e8ncies pel que fa als objectius que vulgueu aconseguir.<\/strong>[\/et_pb_cta][\/et_pb_column][\/et_pb_row][\/et_pb_section][et_pb_section fb_built=&#8221;1&#8243; admin_label=&#8221;EN-MODUL PATROCINADORS V2&#8243; _builder_version=&#8221;4.4.7&#8243; background_color=&#8221;#333333&#8243; custom_padding=&#8221;65px||11px|||&#8221; top_divider_height=&#8221;30px&#8221; bottom_divider_color=&#8221;#ffffff&#8221; bottom_divider_height=&#8221;30px&#8221; bottom_divider_flip=&#8221;vertical&#8221; global_module=&#8221;31&#8243; saved_tabs=&#8221;all&#8221; locked=&#8221;off&#8221; collapsed=&#8221;on&#8221;][et_pb_row use_custom_gutter=&#8221;on&#8221; gutter_width=&#8221;1&#8243; _builder_version=&#8221;3.26.3&#8243; width=&#8221;100%&#8221; custom_margin=&#8221;0px||0px||false|false&#8221; custom_padding=&#8221;0px||0px||false|false&#8221;][et_pb_column type=&#8221;4_4&#8243; _builder_version=&#8221;3.26.3&#8243;][et_pb_text _builder_version=&#8221;4.4.7&#8243; text_font=&#8221;Quicksand|700|||||||&#8221; text_text_color=&#8221;#ffffff&#8221; text_font_size=&#8221;36px&#8221; custom_margin=&#8221;||-1px|||&#8221; custom_padding=&#8221;||1px|||&#8221;]\n<p style=\"text-align: center;\">Patrocinadors i col\u00b7laboradors-EN<\/p>\n[\/et_pb_text][\/et_pb_column][\/et_pb_row][et_pb_row column_structure=&#8221;1_4,1_4,1_4,1_4&#8243; _builder_version=&#8221;3.26.3&#8243; width=&#8221;90%&#8221; max_width=&#8221;90%&#8221; custom_padding=&#8221;||0px|||&#8221;][et_pb_column type=&#8221;1_4&#8243; _builder_version=&#8221;3.26.3&#8243;][et_pb_image src=&#8221;https:\/\/tdapp.org\/wp-content\/uploads\/2019\/07\/Universitat-Girona.png&#8221; url=&#8221;https:\/\/www.udg.edu&#8221; url_new_window=&#8221;on&#8221; align=&#8221;center&#8221; admin_label=&#8221;Uni Girona&#8221; _builder_version=&#8221;3.26.3&#8243; min_height=&#8221;120px&#8221;][\/et_pb_image][\/et_pb_column][et_pb_column type=&#8221;1_4&#8243; _builder_version=&#8221;3.26.3&#8243;][et_pb_image src=&#8221;https:\/\/tdapp.org\/wp-content\/uploads\/2019\/07\/Universitat-Girona-Campus-Salut.png&#8221; url=&#8221;https:\/\/www.udg.edu\/ca\/campussalut&#8221; url_new_window=&#8221;on&#8221; align=&#8221;center&#8221; admin_label=&#8221;Uni Girona Campus Salut&#8221; _builder_version=&#8221;3.26.3&#8243; min_height=&#8221;142px&#8221;][\/et_pb_image][\/et_pb_column][et_pb_column type=&#8221;1_4&#8243; _builder_version=&#8221;3.26.3&#8243;][et_pb_image src=&#8221;https:\/\/tdapp.org\/wp-content\/uploads\/2019\/07\/Colegi-Metges-Girona.png&#8221; url=&#8221;http:\/\/www.comg.cat&#8221; url_new_window=&#8221;on&#8221; align=&#8221;center&#8221; admin_label=&#8221;col\u00b7legi Metges&#8221; _builder_version=&#8221;3.26.3&#8243; custom_margin=&#8221;||-7px|||&#8221; custom_padding=&#8221;6px|||||&#8221;][\/et_pb_image][\/et_pb_column][et_pb_column type=&#8221;1_4&#8243; _builder_version=&#8221;3.26.3&#8243;][et_pb_image src=&#8221;https:\/\/tdapp.org\/wp-content\/uploads\/2019\/07\/Fundacio-Pascual.png&#8221; url=&#8221;http:\/\/www.comg.cat\/ca\/73-fundacio-pascual-i-prats&#8221; url_new_window=&#8221;on&#8221; align=&#8221;center&#8221; admin_label=&#8221;Fundaci\u00f3 Pacual&#8221; _builder_version=&#8221;3.26.3&#8243; width=&#8221;95.9%&#8221;][\/et_pb_image][\/et_pb_column][\/et_pb_row][et_pb_row column_structure=&#8221;1_4,1_4,1_4,1_4&#8243; _builder_version=&#8221;3.26.3&#8243; width=&#8221;90%&#8221; max_width=&#8221;90%&#8221; custom_padding=&#8221;0px|||||&#8221;][et_pb_column type=&#8221;1_4&#8243; _builder_version=&#8221;3.26.3&#8243;][et_pb_image src=&#8221;https:\/\/tdapp.org\/wp-content\/uploads\/2019\/07\/iAS.png&#8221; url=&#8221;http:\/\/www.ias.cat&#8221; url_new_window=&#8221;on&#8221; align=&#8221;center&#8221; admin_label=&#8221;IAS&#8221; _builder_version=&#8221;3.26.3&#8243; width=&#8221;97.7%&#8221;][\/et_pb_image][\/et_pb_column][et_pb_column type=&#8221;1_4&#8243; _builder_version=&#8221;3.26.3&#8243;][et_pb_image src=&#8221;https:\/\/tdapp.org\/wp-content\/uploads\/2019\/07\/UOC.png&#8221; url=&#8221;https:\/\/www.uoc.edu\/portal\/es\/index.html&#8221; url_new_window=&#8221;on&#8221; align=&#8221;center&#8221; admin_label=&#8221;UOC&#8221; _builder_version=&#8221;3.26.3&#8243; custom_margin__hover_enabled=&#8221;on&#8221;][\/et_pb_image][\/et_pb_column][et_pb_column type=&#8221;1_4&#8243; _builder_version=&#8221;3.26.3&#8243;][et_pb_image src=&#8221;https:\/\/tdapp.org\/wp-content\/uploads\/2019\/07\/Parc-Sanitari-Sant-Joan-de-Deu.png&#8221; url=&#8221;http:\/\/www.pssjd.org\/ca-es\/Paginas\/default.aspx&#8221; url_new_window=&#8221;on&#8221; align=&#8221;center&#8221; admin_label=&#8221;Parc Sanitari Sant Joan de Deu&#8221; _builder_version=&#8221;3.26.3&#8243; custom_margin__hover_enabled=&#8221;on&#8221;][\/et_pb_image][\/et_pb_column][et_pb_column type=&#8221;1_4&#8243; _builder_version=&#8221;3.26.3&#8243;][et_pb_image src=&#8221;https:\/\/tdapp.org\/wp-content\/uploads\/2019\/07\/Centro-Cochrane.png&#8221; url=&#8221;https:\/\/es.cochrane.org\/es&#8221; url_new_window=&#8221;on&#8221; align=&#8221;center&#8221; admin_label=&#8221;Cochrane&#8221; _builder_version=&#8221;3.26.3&#8243;][\/et_pb_image][\/et_pb_column][\/et_pb_row][\/et_pb_section]\n","protected":false},"excerpt":{"rendered":"<p>Els objectius terap\u00e8utics s\u00f3n als aspectes relacionats amb el TDAH que vost\u00e8 vol millorar o prevenir amb el tractament. Hem incl\u00f2s diversos objectius terap\u00e8utics. Vost\u00e8 haur\u00e0 d\u2019indicar-nos la import\u00e0ncia que li dona a cada un d\u2019aquests objectius. TDApp li proporcionar\u00e0 informaci\u00f3 per ajudar-lo a determinar la seva import\u00e0ncia. TDApp ajuda a les persones amb TDAH [&hellip;]<\/p>\n","protected":false},"author":2,"featured_media":0,"parent":0,"menu_order":0,"comment_status":"closed","ping_status":"closed","template":"","meta":{"_et_pb_use_builder":"on","_et_pb_old_content":"<p>[et_pb_section fb_built=\"1\" fullwidth=\"on\" next_background_color=\"#ffffff\" _builder_version=\"3.26.3\" background_color=\"#471473\" bottom_divider_style=\"curve\" bottom_divider_height=\"30px\" locked=\"off\"][et_pb_fullwidth_header title=\"Per a Pacients\" _builder_version=\"3.26.3\" title_font=\"Quicksand|700|||||||\" title_text_align=\"center\" title_text_color=\"#ffffff\" title_font_size=\"36px\" custom_padding=\"20px||20px||false|false\"][\/et_pb_fullwidth_header][\/et_pb_section][et_pb_section fb_built=\"1\" specialty=\"on\" _builder_version=\"3.26.3\" width=\"100%\" max_width=\"100%\" inner_module_alignment=\"center\" custom_padding=\"30px|||||\" locked=\"off\"][et_pb_column type=\"1_4\" _builder_version=\"3.25\" custom_padding=\"|||\" custom_padding__hover=\"|||\"][et_pb_sidebar area=\"sidebar-1\" show_border=\"off\" _builder_version=\"3.26.3\" header_text_color=\"#582d80\" header_font_size=\"22px\" body_font=\"|600|||||||\" body_text_color=\"#471473\" body_font_size=\"16px\" body_line_height=\"1.4em\" text_orientation=\"left\" global_module=\"493\" saved_tabs=\"all\"][\/et_pb_sidebar][\/et_pb_column][et_pb_column type=\"3_4\" specialty_columns=\"3\" _builder_version=\"3.25\" custom_padding=\"|||\" custom_padding__hover=\"|||\"][et_pb_row_inner _builder_version=\"3.26.3\" column_structure=\"undefined\"][et_pb_column_inner type=\"undefined\" saved_specialty_column_type=\"3_4\" _builder_version=\"3.26.3\"][et_pb_post_title meta=\"off\" featured_image=\"off\" _builder_version=\"3.26.3\"][\/et_pb_post_title][et_pb_text _builder_version=\"3.27.4\" text_font=\"|700|||||||\" text_text_color=\"#666666\"]<\/p><p>Els objectius terap\u00e8utics s\u00f3n als aspectes relacionats amb el TDAH que vost\u00e8 vol millorar o prevenir amb el tractament. Hem incl\u00f2s diversos objectius terap\u00e8utics. Vost\u00e8 haur\u00e0 d\u2019indicar-nos la import\u00e0ncia que li dona a cada un d\u2019aquests objectius. TDApp li proporcionar\u00e0 informaci\u00f3 per ajudar-lo a determinar la seva import\u00e0ncia.<\/p><p>[\/et_pb_text][\/et_pb_column_inner][\/et_pb_row_inner][\/et_pb_column][\/et_pb_section][et_pb_section fb_built=\"1\" admin_label=\"MODUL ACCES AL FORMULARI\" _builder_version=\"3.26.2\" background_color=\"#f78d13\" custom_padding=\"70px||36px|||\" top_divider_style=\"curve\" top_divider_color=\"#ffffff\" top_divider_height=\"30px\" bottom_divider_color=\"#ffffff\" bottom_divider_height=\"30px\" bottom_divider_flip=\"vertical\" global_module=\"495\" saved_tabs=\"all\" locked=\"off\"][et_pb_row column_structure=\"1_5,3_5,1_5\" use_custom_gutter=\"on\" gutter_width=\"1\" disabled_on=\"on|off|off\" admin_label=\"desktop \/ tablet\" _builder_version=\"3.26.2\" width=\"100%\" custom_margin=\"0px||0px||false|false\" custom_padding=\"0px||0px||false|false\" link_option_url=\"\/formulari-tdapp\/\" custom_css_main_element=\"display: flex;||align-items: center;\"][et_pb_column type=\"1_5\" _builder_version=\"3.26.3\"][et_pb_image src=\"https:\/\/tdapp.org\/wp-content\/uploads\/2019\/07\/TDApp-icon-formulari-1.png\" align=\"center\" _builder_version=\"3.26.3\"][\/et_pb_image][\/et_pb_column][et_pb_column type=\"3_5\" _builder_version=\"3.26.3\"][et_pb_cta title=\"Acc\u00e9s al Formulari TDApp per a Pacients\" admin_label=\"Call To Action\" _builder_version=\"3.26.2\" header_font=\"|700|||||||\" header_font_size=\"30px\" body_font=\"|600|||||||\" body_text_color=\"#000000\" body_font_size=\"18px\" background_color=\"rgba(0,0,0,0)\" text_orientation=\"left\" min_height=\"138px\" custom_padding=\"15px||0px|0px||\"]<\/p><p>TDApp ajuda a les persones amb TDAH o als seus familiars a participar en la presa de decisions que afecten al tractament del TDAH. <strong>Trieu les vostres prefer\u00e8ncies pel que fa als objectius que vulgueu aconseguir.<\/strong><\/p><p>[\/et_pb_cta][\/et_pb_column][et_pb_column type=\"1_5\" _builder_version=\"3.26.3\"][et_pb_image src=\"https:\/\/tdapp.org\/wp-content\/uploads\/2019\/07\/Fletxa-dreta.png\" url=\"https:\/\/tdapp.org\/formulari-tdapp\/\" align=\"center\" _builder_version=\"3.26.3\" custom_css_after__hover_enabled=\"on\"][\/et_pb_image][\/et_pb_column][\/et_pb_row][et_pb_row use_custom_gutter=\"on\" gutter_width=\"1\" disabled_on=\"off|on|on\" admin_label=\"phone\" _builder_version=\"3.26.3\" width=\"100%\" custom_margin=\"0px||0px||false|false\" custom_padding=\"0px||0px||false|false\" link_option_url=\"https:\/\/tdapp.org\/formulari-tdapp\/\"][et_pb_column type=\"4_4\" _builder_version=\"3.26.3\"][et_pb_image src=\"https:\/\/tdapp.org\/wp-content\/uploads\/2019\/07\/TDApp-icon-formulari-1.png\" align=\"center\" _builder_version=\"3.26.3\" max_width=\"100px\" module_alignment=\"center\"][\/et_pb_image][et_pb_cta title=\"Acc\u00e9s al Formulari TDApp per a Pacients\" button_url=\"\/formulari-tdapp\/\" button_text=\"Accedir\" _builder_version=\"3.26.2\" header_font=\"|700|||||||\" header_font_size=\"30px\" body_font=\"|600|||||||\" body_text_color=\"#000000\" body_font_size=\"18px\" background_color=\"rgba(0,0,0,0)\" custom_button=\"on\" button_text_color=\"#333333\" button_border_color=\"#333333\" button_icon_color=\"#ffffff\" custom_padding=\"15px||0px||false|false\" button_border_color__hover_enabled=\"on\" button_border_color__hover=\"#ffffff\" button_bg_color__hover_enabled=\"on\" button_bg_color__hover=\"#ffffff\" button_bg_enable_color__hover=\"on\" button_text_color__hover_enabled=\"on\" button_text_color__hover=\"#f78d13\"]<\/p><p>TDApp ajuda a les persones amb TDAH o als seus familiars a participar en la presa de decisions que afecten al tractament del TDAH. <strong>Trieu les vostres prefer\u00e8ncies pel que fa als objectius que vulgueu aconseguir.<\/strong><\/p><p>[\/et_pb_cta][\/et_pb_column][\/et_pb_row][\/et_pb_section][et_pb_section fb_built=\"1\" admin_label=\"MODUL PATROCINADORS V2\" _builder_version=\"3.26.3\" background_color=\"#333333\" custom_padding=\"65px||11px|||\" top_divider_height=\"30px\" bottom_divider_color=\"#ffffff\" bottom_divider_height=\"30px\" bottom_divider_flip=\"vertical\" global_module=\"951\" saved_tabs=\"all\" locked=\"off\"][et_pb_row use_custom_gutter=\"on\" gutter_width=\"1\" _builder_version=\"3.26.3\" width=\"100%\" custom_margin=\"0px||0px||false|false\" custom_padding=\"0px||0px||false|false\"][et_pb_column type=\"4_4\" _builder_version=\"3.26.3\"][et_pb_text _builder_version=\"3.27.4\" text_font=\"Quicksand|700|||||||\" text_text_color=\"#ffffff\" text_font_size=\"36px\" custom_margin=\"||-1px|||\" custom_padding=\"||1px|||\"]<\/p><p style=\"text-align: center;\">Patrocinadors i col\u00b7laboradors<\/p><p>[\/et_pb_text][\/et_pb_column][\/et_pb_row][et_pb_row column_structure=\"1_4,1_4,1_4,1_4\" _builder_version=\"3.26.3\" width=\"90%\" max_width=\"90%\" custom_padding=\"||0px|||\"][et_pb_column type=\"1_4\" _builder_version=\"3.26.3\"][et_pb_image src=\"https:\/\/tdapp.org\/wp-content\/uploads\/2019\/07\/Universitat-Girona.png\" url=\"https:\/\/www.udg.edu\" url_new_window=\"on\" align=\"center\" admin_label=\"Uni Girona\" _builder_version=\"3.26.3\" min_height=\"120px\"][\/et_pb_image][\/et_pb_column][et_pb_column type=\"1_4\" _builder_version=\"3.26.3\"][et_pb_image src=\"https:\/\/tdapp.org\/wp-content\/uploads\/2019\/07\/Universitat-Girona-Campus-Salut.png\" url=\"https:\/\/www.udg.edu\/ca\/campussalut\" url_new_window=\"on\" align=\"center\" admin_label=\"Uni Girona Campus Salut\" _builder_version=\"3.26.3\" min_height=\"142px\"][\/et_pb_image][\/et_pb_column][et_pb_column type=\"1_4\" _builder_version=\"3.26.3\"][et_pb_image src=\"https:\/\/tdapp.org\/wp-content\/uploads\/2019\/07\/Colegi-Metges-Girona.png\" url=\"http:\/\/www.comg.cat\" url_new_window=\"on\" align=\"center\" admin_label=\"col\u00b7legi Metges\" _builder_version=\"3.26.3\" custom_margin=\"||-7px|||\" custom_padding=\"6px|||||\"][\/et_pb_image][\/et_pb_column][et_pb_column type=\"1_4\" _builder_version=\"3.26.3\"][et_pb_image src=\"https:\/\/tdapp.org\/wp-content\/uploads\/2019\/07\/Fundacio-Pascual.png\" url=\"http:\/\/www.comg.cat\/ca\/73-fundacio-pascual-i-prats\" url_new_window=\"on\" align=\"center\" admin_label=\"Fundaci\u00f3 Pacual\" _builder_version=\"3.26.3\" width=\"95.9%\"][\/et_pb_image][\/et_pb_column][\/et_pb_row][et_pb_row column_structure=\"1_4,1_4,1_4,1_4\" _builder_version=\"3.26.3\" width=\"90%\" max_width=\"90%\" custom_padding=\"0px|||||\"][et_pb_column type=\"1_4\" _builder_version=\"3.26.3\"][et_pb_image src=\"https:\/\/tdapp.org\/wp-content\/uploads\/2019\/07\/iAS.png\" url=\"http:\/\/www.ias.cat\" url_new_window=\"on\" align=\"center\" admin_label=\"IAS\" _builder_version=\"3.26.3\" width=\"97.7%\"][\/et_pb_image][\/et_pb_column][et_pb_column type=\"1_4\" _builder_version=\"3.26.3\"][et_pb_image src=\"https:\/\/tdapp.org\/wp-content\/uploads\/2019\/07\/UOC.png\" url=\"https:\/\/www.uoc.edu\/portal\/es\/index.html\" url_new_window=\"on\" align=\"center\" admin_label=\"UOC\" _builder_version=\"3.26.3\" custom_margin__hover_enabled=\"on\"][\/et_pb_image][\/et_pb_column][et_pb_column type=\"1_4\" _builder_version=\"3.26.3\"][et_pb_image src=\"https:\/\/tdapp.org\/wp-content\/uploads\/2019\/07\/Parc-Sanitari-Sant-Joan-de-Deu.png\" url=\"http:\/\/www.pssjd.org\/ca-es\/Paginas\/default.aspx\" url_new_window=\"on\" align=\"center\" admin_label=\"Parc Sanitari Sant Joan de Deu\" _builder_version=\"3.26.3\" custom_margin__hover_enabled=\"on\"][\/et_pb_image][\/et_pb_column][et_pb_column type=\"1_4\" _builder_version=\"3.26.3\"][et_pb_image src=\"https:\/\/tdapp.org\/wp-content\/uploads\/2019\/07\/Centro-Cochrane.png\" url=\"https:\/\/es.cochrane.org\/es\" url_new_window=\"on\" align=\"center\" admin_label=\"Cochrane\" _builder_version=\"3.26.3\"][\/et_pb_image][\/et_pb_column][\/et_pb_row][\/et_pb_section]<\/p>","_et_gb_content_width":"","footnotes":""},"_links":{"self":[{"href":"https:\/\/tdapp.org\/en\/wp-json\/wp\/v2\/pages\/126"}],"collection":[{"href":"https:\/\/tdapp.org\/en\/wp-json\/wp\/v2\/pages"}],"about":[{"href":"https:\/\/tdapp.org\/en\/wp-json\/wp\/v2\/types\/page"}],"author":[{"embeddable":true,"href":"https:\/\/tdapp.org\/en\/wp-json\/wp\/v2\/users\/2"}],"replies":[{"embeddable":true,"href":"https:\/\/tdapp.org\/en\/wp-json\/wp\/v2\/comments?post=126"}],"version-history":[{"count":3,"href":"https:\/\/tdapp.org\/en\/wp-json\/wp\/v2\/pages\/126\/revisions"}],"predecessor-version":[{"id":262,"href":"https:\/\/tdapp.org\/en\/wp-json\/wp\/v2\/pages\/126\/revisions\/262"}],"wp:attachment":[{"href":"https:\/\/tdapp.org\/en\/wp-json\/wp\/v2\/media?parent=126"}],"curies":[{"name":"wp","href":"https:\/\/api.w.org\/{rel}","templated":true}]}}